{"id":13359,"date":"2019-07-22T15:39:57","date_gmt":"2019-07-22T15:39:57","guid":{"rendered":"http:\/\/vea.arkhame-web.com\/?page_id=13359"},"modified":"2024-08-25T16:43:01","modified_gmt":"2024-08-25T21:43:01","slug":"my-account","status":"publish","type":"page","link":"https:\/\/vea.qc.ca\/en\/my-account\/","title":{"rendered":"My account"},"content":{"rendered":"<div class=\"wpb-content-wrapper\"><p>[vc_row header_feature=&#8221;yes&#8221; equal_column_height=&#8221;middle-content&#8221; tablet_sm_visibility=&#8221;hide&#8221; mobile_visibility=&#8221;hide&#8221; padding_top=&#8221;0&#8243; padding_bottom=&#8221;40px&#8221; margin_bottom=&#8221;0&#8243; section_id=&#8221;membres&#8221;][vc_column css=&#8221;.vc_custom_1563938339467{background-position: center !important;background-repeat: no-repeat !important;background-size: cover !important;}&#8221;][vc_empty_space height=&#8221;50px&#8221;][vc_custom_heading text=&#8221;Welcome to the space&#8221; font_container=&#8221;tag:h2|text_align:center|color:%233a3a3a&#8221; use_theme_fonts=&#8221;yes&#8221; css=&#8221;.vc_custom_1578032191364{margin-top: -10px !important;}&#8221; el_class=&#8221;title-block-home-montclair&#8221;][vc_custom_heading text=&#8221;dedicated to VEA members&#8221; font_container=&#8221;tag:h2|text_align:center|color:%23e4181c&#8221; use_theme_fonts=&#8221;yes&#8221; css=&#8221;.vc_custom_1578032201478{margin-top: -10px !important;}&#8221; el_class=&#8221;title-block-home-montclair&#8221;][vc_column_text css=&#8221;.vc_custom_1724622172196{padding-right: 15% !important;padding-left: 15% !important;}&#8221;]<\/p>\n<h5 style=\"text-align: center;\">You can submit your car(s), publish a classified ad, send us the photos taken during an activity organized by the VEA, renew your membership, consult all of the Autosiaste magazine.<\/h5>\n<p>[\/vc_column_text]<div class=\"grve-element grve-hr \" style=\"\"><div class=\"grve-line-divider\"><\/div><\/div>[\/vc_column][\/vc_row][vc_row section_type=&#8221;fullwidth&#8221; header_feature=&#8221;yes&#8221; equal_column_height=&#8221;middle-content&#8221; desktop_visibility=&#8221;hide&#8221; tablet_visibility=&#8221;hide&#8221; padding_top=&#8221;0&#8243; padding_bottom=&#8221;0&#8243; margin_bottom=&#8221;0&#8243;][vc_column css=&#8221;.vc_custom_1553438918608{background-position: center !important;background-repeat: no-repeat !important;background-size: cover !important;}&#8221;][vc_empty_space][vc_custom_heading text=&#8221;Welcome to the space&#8221; font_container=&#8221;tag:h2|text_align:center|color:%233a3a3a&#8221; use_theme_fonts=&#8221;yes&#8221; css=&#8221;.vc_custom_1578032216713{margin-top: -10px !important;}&#8221; el_class=&#8221;title-block-home-montclair&#8221;][vc_custom_heading text=&#8221;dedicated to VEA members&#8221; font_container=&#8221;tag:h2|text_align:center|color:%23e4181c&#8221; use_theme_fonts=&#8221;yes&#8221; css=&#8221;.vc_custom_1578032208172{margin-top: -10px !important;}&#8221; el_class=&#8221;title-block-home-montclair&#8221;][vc_column_text css=&#8221;.vc_custom_1578032179220{padding-right: 5% !important;padding-left: 5% !important;}&#8221;]<\/p>\n<h5 style=\"text-align: center;\">You can submit your car(s), publish a classified ad, send us the photos taken during an activity organized by the VEA, renew your membership, consult all of the Autosiaste magazines and order products in our store reserved for members .<\/h5>\n<p>[\/vc_column_text]<div class=\"grve-element grve-hr \" style=\"\"><div class=\"grve-line-divider\"><\/div><\/div>[\/vc_column][\/vc_row][vc_row tablet_sm_visibility=&#8221;hide&#8221; mobile_visibility=&#8221;hide&#8221;][vc_column width=&#8221;1\/4&#8243; css=&#8221;.vc_custom_1578152428349{padding-top: 20px !important;padding-right: 20px !important;padding-bottom: 0px !important;padding-left: 20px !important;background-color: #f4f4f4 !important;}&#8221; el_class=&#8221;menu-mon-compte-pge-account&#8221;][vc_widget_sidebar sidebar_id=&#8221;sb53_161ysy&#8221;][\/vc_column][vc_column width=&#8221;3\/4&#8243;]<div class=\"woocommerce\"><\/div>[\/vc_column][\/vc_row][vc_row desktop_visibility=&#8221;hide&#8221; tablet_visibility=&#8221;hide&#8221;][vc_column css=&#8221;.vc_custom_1578107771944{padding-top: 40px !important;}&#8221;]<div class=\"woocommerce\"><\/div>[\/vc_column][\/vc_row][vc_row desktop_visibility=&#8221;hide&#8221; tablet_visibility=&#8221;hide&#8221;][vc_column css=&#8221;.vc_custom_1578152434175{padding-top: 20px !important;padding-right: 20px !important;padding-bottom: 0px !important;padding-left: 20px !important;background-color: #f4f4f4 !important;}&#8221; el_class=&#8221;menu-mon-compte-pge-account&#8221;][vc_widget_sidebar sidebar_id=&#8221;sb53_161ysy&#8221;][\/vc_column][\/vc_row][vc_row bg_type=&#8221;image&#8221; bg_image=&#8221;11749&#8243; pattern_overlay=&#8221;yes&#8221; color_overlay=&#8221;primary-1&#8243; opacity_overlay=&#8221;70&#8243; footer_feature=&#8221;yes&#8221; equal_column_height=&#8221;middle-content&#8221; padding_top=&#8221;100&#8243; padding_bottom=&#8221;100&#8243; margin_bottom=&#8221;0&#8243;][vc_column][vc_row_inner][vc_column_inner css=&#8221;.vc_custom_1563405320527{padding-bottom: 30px !important;}&#8221;]<h3 class=\"grve-element grve-typed-text grve-align-center grve-h2 title-block-type-text\" style=\"\">    <span class=\"grve-typed-text-prefix\"> <\/span>    <span class=\"grve-animated-text grve-text-white\">    \t<span id=\"grve-typed-item-69ea0b209c947\"><\/span>    <\/span>    <span class=\"grve-typed-text-suffix\"> <\/span><script type=\"text\/javascript\">\r\r\n\t\t\t\tjQuery(function($){ $(\"#grve-typed-item-69ea0b209c947\").typed({\r\r\n\t\t\t\t\tstrings: [\"Rain or shine we drive them.\",\"Sous le soleil ou la pluie nous roulons.\",\"Sub sole aut pluvia ducemus ea.\"],\r\r\n\t\t\t\t\ttypeSpeed: 0,\r\r\n\t\t\t\t\tbackSpeed: 0,\r\r\n\t\t\t\t\tstartDelay: 0,\r\r\n\t\t\t\t\tbackDelay: 500,\r\r\n\t\t\t\t\tloop: true,\r\r\n\t\t\t\t\tloopCount: false,\r\r\n\t\t\t\t\tshowCursor: true,\r\r\n\t\t\t\t\tcursorChar: \"|\",\r\r\n\t\t\t\t\tcontentType: null,\r\r\n\t\t\t\t\tattr: null\r\r\n\t\t\t\t});\r\r\n\t\t\t});\r\r\n\t\t<\/script><\/h3>[\/vc_column_inner][\/vc_row_inner][\/vc_column][\/vc_row]<\/p>\n<\/div>","protected":false},"excerpt":{"rendered":"<p>[vc_row header_feature=&#8221;yes&#8221; equal_column_height=&#8221;middle-content&#8221; tablet_sm_visibility=&#8221;hide&#8221; mobile_visibility=&#8221;hide&#8221; padding_top=&#8221;0&#8243; padding_bottom=&#8221;40px&#8221; margin_bottom=&#8221;0&#8243; section_id=&#8221;membres&#8221;][vc_column css=&#8221;.vc_custom_1563938339467{background-position: center !important;background-repeat: no-repeat !important;background-size: cover !important;}&#8221;][vc_empty_space height=&#8221;50px&#8221;][vc_custom_heading text=&#8221;Welcome to the space&#8221; font_container=&#8221;tag:h2|text_align:center|color:%233a3a3a&#8221; use_theme_fonts=&#8221;yes&#8221; css=&#8221;.vc_custom_1578032191364{margin-top: -10px !important;}&#8221; el_class=&#8221;title-block-home-montclair&#8221;][vc_custom_heading text=&#8221;dedicated to VEA members&#8221; font_container=&#8221;tag:h2|text_align:center|color:%23e4181c&#8221; use_theme_fonts=&#8221;yes&#8221; css=&#8221;.vc_custom_1578032201478{margin-top: -10px !important;}&#8221; el_class=&#8221;title-block-home-montclair&#8221;][vc_column_text css=&#8221;.vc_custom_1724622172196{padding-right: 15% !important;padding-left: 15% !important;}&#8221;] You can submit your car(s), publish a classified ad, send us the photos [&hellip;]<\/p>\n","protected":false},"author":1,"featured_media":13013,"parent":0,"menu_order":0,"comment_status":"closed","ping_status":"closed","template":"","meta":{"footnotes":""},"simple-restrict-permission":[],"class_list":["post-13359","page","type-page","status-publish","has-post-thumbnail","hentry"],"yoast_head":"<!-- This site is optimized with the Yoast SEO plugin v26.0 - https:\/\/yoast.com\/wordpress\/plugins\/seo\/ -->\n<title>My account - VEA 50 ans<\/title>\n<meta name=\"description\" content=\"Le VEA est d\u00e9di\u00e9 \u00e0 la pr\u00e9servation, la restauration et, surtout, \u00e0 l\u2019utilisation fr\u00e9quente des voitures europ\u00e9ennes d\u2019autrefois.\" \/>\n<meta name=\"robots\" content=\"index, follow, max-snippet:-1, max-image-preview:large, max-video-preview:-1\" \/>\n<link rel=\"canonical\" href=\"https:\/\/vea.qc.ca\/en\/my-account\/\" \/>\n<meta property=\"og:locale\" content=\"en_US\" \/>\n<meta property=\"og:type\" content=\"article\" \/>\n<meta property=\"og:title\" content=\"My account - VEA 50 ans\" \/>\n<meta property=\"og:description\" content=\"Le VEA est d\u00e9di\u00e9 \u00e0 la pr\u00e9servation, la restauration et, surtout, \u00e0 l\u2019utilisation fr\u00e9quente des voitures europ\u00e9ennes d\u2019autrefois.\" \/>\n<meta property=\"og:url\" content=\"https:\/\/vea.qc.ca\/en\/my-account\/\" \/>\n<meta property=\"og:site_name\" content=\"VEA 50 ans\" \/>\n<meta property=\"article:modified_time\" content=\"2024-08-25T21:43:01+00:00\" \/>\n<meta property=\"og:image\" content=\"https:\/\/vea.qc.ca\/wp-content\/uploads\/2019\/07\/bg-mon-compte-2-1.jpg\" \/>\n\t<meta property=\"og:image:width\" content=\"1897\" \/>\n\t<meta property=\"og:image:height\" content=\"674\" \/>\n\t<meta property=\"og:image:type\" content=\"image\/jpeg\" \/>\n<meta name=\"twitter:card\" content=\"summary_large_image\" \/>\n<meta name=\"twitter:label1\" content=\"Est. reading time\" \/>\n\t<meta name=\"twitter:data1\" content=\"2 minutes\" \/>\n<script type=\"application\/ld+json\" class=\"yoast-schema-graph\">{\"@context\":\"https:\/\/schema.org\",\"@graph\":[{\"@type\":\"WebPage\",\"@id\":\"https:\/\/vea.qc.ca\/en\/my-account\/\",\"url\":\"https:\/\/vea.qc.ca\/en\/my-account\/\",\"name\":\"My account - VEA 50 ans\",\"isPartOf\":{\"@id\":\"https:\/\/vea.qc.ca\/#website\"},\"primaryImageOfPage\":{\"@id\":\"https:\/\/vea.qc.ca\/en\/my-account\/#primaryimage\"},\"image\":{\"@id\":\"https:\/\/vea.qc.ca\/en\/my-account\/#primaryimage\"},\"thumbnailUrl\":\"https:\/\/vea.qc.ca\/wp-content\/uploads\/2019\/07\/bg-mon-compte-2-1.jpg\",\"datePublished\":\"2019-07-22T15:39:57+00:00\",\"dateModified\":\"2024-08-25T21:43:01+00:00\",\"description\":\"Le VEA est d\u00e9di\u00e9 \u00e0 la pr\u00e9servation, la restauration et, surtout, \u00e0 l\u2019utilisation fr\u00e9quente des voitures europ\u00e9ennes d\u2019autrefois.\",\"breadcrumb\":{\"@id\":\"https:\/\/vea.qc.ca\/en\/my-account\/#breadcrumb\"},\"inLanguage\":\"en-US\",\"potentialAction\":[{\"@type\":\"ReadAction\",\"target\":[\"https:\/\/vea.qc.ca\/en\/my-account\/\"]}]},{\"@type\":\"ImageObject\",\"inLanguage\":\"en-US\",\"@id\":\"https:\/\/vea.qc.ca\/en\/my-account\/#primaryimage\",\"url\":\"https:\/\/vea.qc.ca\/wp-content\/uploads\/2019\/07\/bg-mon-compte-2-1.jpg\",\"contentUrl\":\"https:\/\/vea.qc.ca\/wp-content\/uploads\/2019\/07\/bg-mon-compte-2-1.jpg\",\"width\":1897,\"height\":674},{\"@type\":\"BreadcrumbList\",\"@id\":\"https:\/\/vea.qc.ca\/en\/my-account\/#breadcrumb\",\"itemListElement\":[{\"@type\":\"ListItem\",\"position\":1,\"name\":\"Accueil\",\"item\":\"https:\/\/vea.qc.ca\/en\/\"},{\"@type\":\"ListItem\",\"position\":2,\"name\":\"My account\"}]},{\"@type\":\"WebSite\",\"@id\":\"https:\/\/vea.qc.ca\/#website\",\"url\":\"https:\/\/vea.qc.ca\/\",\"name\":\"VEA 50 ans\",\"description\":\"Vintage European Automobiles\",\"potentialAction\":[{\"@type\":\"SearchAction\",\"target\":{\"@type\":\"EntryPoint\",\"urlTemplate\":\"https:\/\/vea.qc.ca\/?s={search_term_string}\"},\"query-input\":{\"@type\":\"PropertyValueSpecification\",\"valueRequired\":true,\"valueName\":\"search_term_string\"}}],\"inLanguage\":\"en-US\"}]}<\/script>\n<!-- \/ Yoast SEO plugin. -->","yoast_head_json":{"title":"My account - VEA 50 ans","description":"Le VEA est d\u00e9di\u00e9 \u00e0 la pr\u00e9servation, la restauration et, surtout, \u00e0 l\u2019utilisation fr\u00e9quente des voitures europ\u00e9ennes d\u2019autrefois.","robots":{"index":"index","follow":"follow","max-snippet":"max-snippet:-1","max-image-preview":"max-image-preview:large","max-video-preview":"max-video-preview:-1"},"canonical":"https:\/\/vea.qc.ca\/en\/my-account\/","og_locale":"en_US","og_type":"article","og_title":"My account - VEA 50 ans","og_description":"Le VEA est d\u00e9di\u00e9 \u00e0 la pr\u00e9servation, la restauration et, surtout, \u00e0 l\u2019utilisation fr\u00e9quente des voitures europ\u00e9ennes d\u2019autrefois.","og_url":"https:\/\/vea.qc.ca\/en\/my-account\/","og_site_name":"VEA 50 ans","article_modified_time":"2024-08-25T21:43:01+00:00","og_image":[{"width":1897,"height":674,"url":"https:\/\/vea.qc.ca\/wp-content\/uploads\/2019\/07\/bg-mon-compte-2-1.jpg","type":"image\/jpeg"}],"twitter_card":"summary_large_image","twitter_misc":{"Est. reading time":"2 minutes"},"schema":{"@context":"https:\/\/schema.org","@graph":[{"@type":"WebPage","@id":"https:\/\/vea.qc.ca\/en\/my-account\/","url":"https:\/\/vea.qc.ca\/en\/my-account\/","name":"My account - VEA 50 ans","isPartOf":{"@id":"https:\/\/vea.qc.ca\/#website"},"primaryImageOfPage":{"@id":"https:\/\/vea.qc.ca\/en\/my-account\/#primaryimage"},"image":{"@id":"https:\/\/vea.qc.ca\/en\/my-account\/#primaryimage"},"thumbnailUrl":"https:\/\/vea.qc.ca\/wp-content\/uploads\/2019\/07\/bg-mon-compte-2-1.jpg","datePublished":"2019-07-22T15:39:57+00:00","dateModified":"2024-08-25T21:43:01+00:00","description":"Le VEA est d\u00e9di\u00e9 \u00e0 la pr\u00e9servation, la restauration et, surtout, \u00e0 l\u2019utilisation fr\u00e9quente des voitures europ\u00e9ennes d\u2019autrefois.","breadcrumb":{"@id":"https:\/\/vea.qc.ca\/en\/my-account\/#breadcrumb"},"inLanguage":"en-US","potentialAction":[{"@type":"ReadAction","target":["https:\/\/vea.qc.ca\/en\/my-account\/"]}]},{"@type":"ImageObject","inLanguage":"en-US","@id":"https:\/\/vea.qc.ca\/en\/my-account\/#primaryimage","url":"https:\/\/vea.qc.ca\/wp-content\/uploads\/2019\/07\/bg-mon-compte-2-1.jpg","contentUrl":"https:\/\/vea.qc.ca\/wp-content\/uploads\/2019\/07\/bg-mon-compte-2-1.jpg","width":1897,"height":674},{"@type":"BreadcrumbList","@id":"https:\/\/vea.qc.ca\/en\/my-account\/#breadcrumb","itemListElement":[{"@type":"ListItem","position":1,"name":"Accueil","item":"https:\/\/vea.qc.ca\/en\/"},{"@type":"ListItem","position":2,"name":"My account"}]},{"@type":"WebSite","@id":"https:\/\/vea.qc.ca\/#website","url":"https:\/\/vea.qc.ca\/","name":"VEA 50 ans","description":"Vintage European Automobiles","potentialAction":[{"@type":"SearchAction","target":{"@type":"EntryPoint","urlTemplate":"https:\/\/vea.qc.ca\/?s={search_term_string}"},"query-input":{"@type":"PropertyValueSpecification","valueRequired":true,"valueName":"search_term_string"}}],"inLanguage":"en-US"}]}},"_links":{"self":[{"href":"https:\/\/vea.qc.ca\/en\/wp-json\/wp\/v2\/pages\/13359","targetHints":{"allow":["GET"]}}],"collection":[{"href":"https:\/\/vea.qc.ca\/en\/wp-json\/wp\/v2\/pages"}],"about":[{"href":"https:\/\/vea.qc.ca\/en\/wp-json\/wp\/v2\/types\/page"}],"author":[{"embeddable":true,"href":"https:\/\/vea.qc.ca\/en\/wp-json\/wp\/v2\/users\/1"}],"replies":[{"embeddable":true,"href":"https:\/\/vea.qc.ca\/en\/wp-json\/wp\/v2\/comments?post=13359"}],"version-history":[{"count":15,"href":"https:\/\/vea.qc.ca\/en\/wp-json\/wp\/v2\/pages\/13359\/revisions"}],"predecessor-version":[{"id":25497,"href":"https:\/\/vea.qc.ca\/en\/wp-json\/wp\/v2\/pages\/13359\/revisions\/25497"}],"wp:featuredmedia":[{"embeddable":true,"href":"https:\/\/vea.qc.ca\/en\/wp-json\/wp\/v2\/media\/13013"}],"wp:attachment":[{"href":"https:\/\/vea.qc.ca\/en\/wp-json\/wp\/v2\/media?parent=13359"}],"wp:term":[{"taxonomy":"simple-restrict-permission","embeddable":true,"href":"https:\/\/vea.qc.ca\/en\/wp-json\/wp\/v2\/simple-restrict-permission?post=13359"}],"curies":[{"name":"wp","href":"https:\/\/api.w.org\/{rel}","templated":true}]}}