{"id":13433,"date":"2023-06-13T00:03:29","date_gmt":"2023-06-13T05:03:29","guid":{"rendered":"http:\/\/vea.arkhame-web.com\/?page_id=13433"},"modified":"2026-02-02T12:03:05","modified_gmt":"2026-02-02T17:03:05","slug":"https-vea-qc-ca-wp-content-uploads-2023-09-ete2023web-144p-pdf","status":"publish","type":"page","link":"https:\/\/vea.qc.ca\/en\/https-vea-qc-ca-wp-content-uploads-2023-09-ete2023web-144p-pdf\/","title":{"rendered":"Magazine"},"content":{"rendered":"<div class=\"wpb-content-wrapper\"><p>[vc_row header_feature=&#8221;yes&#8221; padding_top=&#8221;40px&#8221; margin_bottom=&#8221;40px&#8221; padding_bottom=&#8221;40px&#8221;][vc_column][vc_custom_heading text=&#8221;Consult the club magazine&#8221; font_container=&#8221;tag:h2|text_align:center|color:%233a3a3a&#8221; use_theme_fonts=&#8221;yes&#8221; css=&#8221;.vc_custom_1565204519673{margin-top: -10px !important;}&#8221; el_class=&#8221;title-block-home-montclair&#8221;][vc_custom_heading text=&#8221;AUTOSIASTE&#8221; font_container=&#8221;tag:h2|text_align:center|color:%23e4181c&#8221; use_theme_fonts=&#8221;yes&#8221; css=&#8221;.vc_custom_1563595653079{margin-top: -10px !important;}&#8221; el_class=&#8221;title-block-home-montclair&#8221;][vc_row_inner][vc_column_inner width=&#8221;1\/3&#8243;][vc_empty_space height=&#8221;15px&#8221;][\/vc_column_inner][vc_column_inner width=&#8221;1\/3&#8243;]<div class=\"grve-element grve-image img-autosiaste-preview grve-align-center\" style=\"\"><a href=\"https:\/\/drive.google.com\/file\/d\/16CYahTYZj0OMavT8_8oklnq61J6yatCU\/view?usp=drive_link\" target=\"_blank\" class=\" \"><img loading=\"lazy\" decoding=\"async\" width=\"735\" height=\"947\" src=\"https:\/\/vea.qc.ca\/wp-content\/uploads\/2026\/02\/front-page-VOL-48-no-4.jpg\" class=\"attachment-full size-full\" alt=\"\" srcset=\"https:\/\/vea.qc.ca\/wp-content\/uploads\/2026\/02\/front-page-VOL-48-no-4.jpg 1x,https:\/\/vea.qc.ca\/wp-content\/uploads\/2026\/02\/front-page-VOL-48-no-4.jpg 2x\" \/><\/a><\/div>[vc_empty_space height=&#8221;15px&#8221;][vc_column_text css=&#8221;.vc_custom_1770051725064{margin-top: -8px !important;}&#8221;]<\/p>\n<p style=\"text-align: center;\"><span style=\"color: #333300;\">Autosiaste \u2013 Volume 48, number 4<\/span><br \/>\n<strong><span style=\"color: #333300;\">WINTER 2025<\/span><\/strong><\/p>\n<p>[\/vc_column_text][\/vc_column_inner][vc_column_inner width=&#8221;1\/3&#8243;][vc_empty_space][\/vc_column_inner][\/vc_row_inner][vc_column_text]<\/p>\n<p style=\"text-align: center;\">Click on the image to access the PDF version of the magazine<br \/>\n<em>(the loading may take a few seconds)<\/em>[\/vc_column_text][vc_empty_space][\/vc_column][\/vc_row][vc_row section_type=&#8221;fullwidth&#8221; bg_type=&#8221;color&#8221; equal_column_height=&#8221;middle-content&#8221; tablet_sm_visibility=&#8221;hide&#8221; mobile_visibility=&#8221;hide&#8221; padding_top=&#8221;0&#8243; padding_bottom=&#8221;0&#8243; margin_bottom=&#8221;0&#8243; bg_color=&#8221;#f7f7f7&#8243;][vc_column width=&#8221;1\/2&#8243; css=&#8221;.vc_custom_1659706678289{padding-top: 0px !important;padding-right: 0px !important;padding-bottom: 0px !important;padding-left: 0px !important;background-image: url(https:\/\/vea.qc.ca\/wp-content\/uploads\/2019\/07\/img-pub-left.jpg?id=12952) !important;background-position: center !important;background-repeat: no-repeat !important;background-size: cover !important;}&#8221;][vc_empty_space height=&#8221;600px&#8221;][\/vc_column][vc_column width=&#8221;1\/2&#8243; css=&#8221;.vc_custom_1564107603534{background-position: center !important;background-repeat: no-repeat !important;background-size: cover !important;}&#8221;][vc_empty_space height=&#8221;50px&#8221;][vc_custom_heading text=&#8221;Advertising&#8221; font_container=&#8221;tag:h2|text_align:center|color:%233a3a3a&#8221; use_theme_fonts=&#8221;yes&#8221; css=&#8221;.vc_custom_1563820386324{margin-top: -10px !important;}&#8221; el_class=&#8221;title-block-home-montclair&#8221;][vc_custom_heading text=&#8221;disclaimer&#8221; font_container=&#8221;tag:h2|text_align:center|color:%23e4181c&#8221; use_theme_fonts=&#8221;yes&#8221; css=&#8221;.vc_custom_1563820368481{margin-top: -10px !important;}&#8221; el_class=&#8221;title-block-home-montclair&#8221;][vc_column_text css=&#8221;.vc_custom_1563820341173{padding-right: 15% !important;padding-left: 15% !important;}&#8221;]<\/p>\n<p style=\"text-align: center;\">While the VEA is thankful for the support of its advertisers, the publishing of their publicity in L\u2019Autosiaste or on the VEA web site is not to be perceived as the Club\u2019s endorsement of their products nor their services.<\/p>\n<p>[\/vc_column_text]<div class=\"grve-element grve-align-center grve-animated-item grve-fadeInUp\" data-delay=\"200\"><a href=\"\/en\/contact-us\/submit-your-advertising\" class=\"grve-btn grve-btn-medium grve-square grve-bg-primary-1 grve-bg-hover-primary-2\"><span>Submit your advertising<\/span><\/a><\/div>[vc_empty_space height=&#8221;50px&#8221;][\/vc_column][\/vc_row][vc_row section_type=&#8221;fullwidth&#8221; equal_column_height=&#8221;middle-content&#8221; desktop_visibility=&#8221;hide&#8221; tablet_visibility=&#8221;hide&#8221; padding_top=&#8221;0&#8243; padding_bottom=&#8221;0&#8243; margin_bottom=&#8221;0&#8243;][vc_column css=&#8221;.vc_custom_1553438918608{background-position: center !important;background-repeat: no-repeat !important;background-size: cover !important;}&#8221;]<div class=\"grve-element grve-image grve-align-center\" style=\"\"><img loading=\"lazy\" decoding=\"async\" width=\"1010\" height=\"676\" src=\"https:\/\/vea.qc.ca\/wp-content\/uploads\/2019\/07\/img-pub-left.jpg\" class=\"grve-full-image attachment-full size-full\" alt=\"\" srcset=\"https:\/\/vea.qc.ca\/wp-content\/uploads\/2019\/07\/img-pub-left.jpg 1x,https:\/\/vea.qc.ca\/wp-content\/uploads\/2019\/07\/img-pub-left.jpg 2x\" \/><\/div>[vc_custom_heading text=&#8221;Advertising&#8221; font_container=&#8221;tag:h2|text_align:center|color:%233a3a3a&#8221; use_theme_fonts=&#8221;yes&#8221; css=&#8221;.vc_custom_1563820386324{margin-top: -10px !important;}&#8221; el_class=&#8221;title-block-home-montclair&#8221;][vc_custom_heading text=&#8221;disclaimer&#8221; font_container=&#8221;tag:h2|text_align:center|color:%23e4181c&#8221; use_theme_fonts=&#8221;yes&#8221; css=&#8221;.vc_custom_1563820368481{margin-top: -10px !important;}&#8221; el_class=&#8221;title-block-home-montclair&#8221;][vc_column_text css=&#8221;.vc_custom_1563820411987{padding-right: 15% !important;padding-left: 15% !important;}&#8221;]<\/p>\n<p style=\"text-align: center;\">While the VEA is thankful for the support of its advertisers, the publishing of their publicity in L\u2019Autosiaste or on the VEA web site is not to be perceived as the Club\u2019s endorsement of their products nor their services.<\/p>\n<p>[\/vc_column_text]<div class=\"grve-element grve-align-center grve-animated-item grve-fadeInUp\" data-delay=\"200\"><a href=\"\/en\/contact-us\/submit-your-advertising\" class=\"grve-btn grve-btn-medium grve-square grve-bg-primary-1 grve-bg-hover-primary-2\"><span>Submit your advertising<\/span><\/a><\/div>[vc_empty_space height=&#8221;50px&#8221;][\/vc_column][\/vc_row][vc_row bg_type=&#8221;image&#8221; bg_image=&#8221;11749&#8243; pattern_overlay=&#8221;yes&#8221; color_overlay=&#8221;primary-1&#8243; opacity_overlay=&#8221;70&#8243; footer_feature=&#8221;yes&#8221; equal_column_height=&#8221;middle-content&#8221; padding_top=&#8221;100&#8243; padding_bottom=&#8221;100&#8243; margin_bottom=&#8221;0&#8243;][vc_column]<h3 class=\"grve-element grve-typed-text grve-align-center grve-h2\" style=\"\">    <span class=\"grve-typed-text-prefix\"> <\/span>    <span class=\"grve-animated-text grve-text-white\">    \t<span id=\"grve-typed-item-69ea0b1b80bc0\"><\/span>    <\/span>    <span class=\"grve-typed-text-suffix\"> <\/span><script type=\"text\/javascript\">\r\r\n\t\t\t\tjQuery(function($){ $(\"#grve-typed-item-69ea0b1b80bc0\").typed({\r\r\n\t\t\t\t\tstrings: [\"Rain or shine we drive them.\",\"Sous le soleil ou la pluie nous roulons.\",\"Sub sole aut pluvia ducemus ea.\"],\r\r\n\t\t\t\t\ttypeSpeed: 0,\r\r\n\t\t\t\t\tbackSpeed: 0,\r\r\n\t\t\t\t\tstartDelay: 0,\r\r\n\t\t\t\t\tbackDelay: 500,\r\r\n\t\t\t\t\tloop: true,\r\r\n\t\t\t\t\tloopCount: false,\r\r\n\t\t\t\t\tshowCursor: true,\r\r\n\t\t\t\t\tcursorChar: \"|\",\r\r\n\t\t\t\t\tcontentType: null,\r\r\n\t\t\t\t\tattr: null\r\r\n\t\t\t\t});\r\r\n\t\t\t});\r\r\n\t\t<\/script><\/h3>[vc_empty_space]<div class=\"grve-element grve-align-center grve-animated-item grve-fadeInUp\" data-delay=\"200\"><a href=\"\/en\/contact-us\/vea-membership-form\" class=\"grve-btn grve-btn-medium grve-square grve-bg-primary-5 grve-bg-hover-primary-2\"><span>Become a member of the VEA<\/span><\/a><\/div>[\/vc_column][\/vc_row]<\/p>\n<\/div>","protected":false},"excerpt":{"rendered":"<p>[vc_row header_feature=&#8221;yes&#8221; padding_top=&#8221;40px&#8221; margin_bottom=&#8221;40px&#8221; padding_bottom=&#8221;40px&#8221;][vc_column][vc_custom_heading text=&#8221;Consult the club magazine&#8221; font_container=&#8221;tag:h2|text_align:center|color:%233a3a3a&#8221; use_theme_fonts=&#8221;yes&#8221; css=&#8221;.vc_custom_1565204519673{margin-top: -10px !important;}&#8221; el_class=&#8221;title-block-home-montclair&#8221;][vc_custom_heading text=&#8221;AUTOSIASTE&#8221; font_container=&#8221;tag:h2|text_align:center|color:%23e4181c&#8221; use_theme_fonts=&#8221;yes&#8221; css=&#8221;.vc_custom_1563595653079{margin-top: -10px !important;}&#8221; el_class=&#8221;title-block-home-montclair&#8221;][vc_row_inner][vc_column_inner width=&#8221;1\/3&#8243;][vc_empty_space height=&#8221;15px&#8221;][\/vc_column_inner][vc_column_inner width=&#8221;1\/3&#8243;][vc_empty_space height=&#8221;15px&#8221;][vc_column_text css=&#8221;.vc_custom_1770051725064{margin-top: -8px !important;}&#8221;] Autosiaste \u2013 Volume 48, number 4 WINTER 2025 [\/vc_column_text][\/vc_column_inner][vc_column_inner width=&#8221;1\/3&#8243;][vc_empty_space][\/vc_column_inner][\/vc_row_inner][vc_column_text] Click on the image to access the PDF version of the magazine (the loading may take [&hellip;]<\/p>\n","protected":false},"author":1,"featured_media":12069,"parent":0,"menu_order":0,"comment_status":"closed","ping_status":"closed","template":"","meta":{"footnotes":""},"simple-restrict-permission":[],"class_list":["post-13433","page","type-page","status-publish","has-post-thumbnail","hentry"],"yoast_head":"<!-- This site is optimized with the Yoast SEO plugin v26.0 - https:\/\/yoast.com\/wordpress\/plugins\/seo\/ -->\n<title>Magazine - VEA 50 ans<\/title>\n<meta name=\"description\" content=\"Le VEA est d\u00e9di\u00e9 \u00e0 la pr\u00e9servation, la restauration et, surtout, \u00e0 l\u2019utilisation fr\u00e9quente des voitures europ\u00e9ennes d\u2019autrefois.\" \/>\n<meta name=\"robots\" content=\"index, follow, max-snippet:-1, max-image-preview:large, max-video-preview:-1\" \/>\n<link rel=\"canonical\" href=\"https:\/\/vea.qc.ca\/en\/https-vea-qc-ca-wp-content-uploads-2023-09-ete2023web-144p-pdf\/\" \/>\n<meta property=\"og:locale\" content=\"en_US\" \/>\n<meta property=\"og:type\" content=\"article\" \/>\n<meta property=\"og:title\" content=\"Magazine - VEA 50 ans\" \/>\n<meta property=\"og:description\" content=\"Le VEA est d\u00e9di\u00e9 \u00e0 la pr\u00e9servation, la restauration et, surtout, \u00e0 l\u2019utilisation fr\u00e9quente des voitures europ\u00e9ennes d\u2019autrefois.\" \/>\n<meta property=\"og:url\" content=\"https:\/\/vea.qc.ca\/en\/https-vea-qc-ca-wp-content-uploads-2023-09-ete2023web-144p-pdf\/\" \/>\n<meta property=\"og:site_name\" content=\"VEA 50 ans\" \/>\n<meta property=\"article:modified_time\" content=\"2026-02-02T17:03:05+00:00\" \/>\n<meta property=\"og:image\" content=\"https:\/\/vea.qc.ca\/wp-content\/uploads\/2019\/07\/bg-revue-2-1.jpg\" \/>\n\t<meta property=\"og:image:width\" content=\"1897\" \/>\n\t<meta property=\"og:image:height\" content=\"674\" \/>\n\t<meta property=\"og:image:type\" content=\"image\/jpeg\" \/>\n<meta name=\"twitter:card\" content=\"summary_large_image\" \/>\n<meta name=\"twitter:label1\" content=\"Est. reading time\" \/>\n\t<meta name=\"twitter:data1\" content=\"3 minutes\" \/>\n<script type=\"application\/ld+json\" class=\"yoast-schema-graph\">{\"@context\":\"https:\/\/schema.org\",\"@graph\":[{\"@type\":\"WebPage\",\"@id\":\"https:\/\/vea.qc.ca\/en\/https-vea-qc-ca-wp-content-uploads-2023-09-ete2023web-144p-pdf\/\",\"url\":\"https:\/\/vea.qc.ca\/en\/https-vea-qc-ca-wp-content-uploads-2023-09-ete2023web-144p-pdf\/\",\"name\":\"Magazine - VEA 50 ans\",\"isPartOf\":{\"@id\":\"https:\/\/vea.qc.ca\/#website\"},\"primaryImageOfPage\":{\"@id\":\"https:\/\/vea.qc.ca\/en\/https-vea-qc-ca-wp-content-uploads-2023-09-ete2023web-144p-pdf\/#primaryimage\"},\"image\":{\"@id\":\"https:\/\/vea.qc.ca\/en\/https-vea-qc-ca-wp-content-uploads-2023-09-ete2023web-144p-pdf\/#primaryimage\"},\"thumbnailUrl\":\"https:\/\/vea.qc.ca\/wp-content\/uploads\/2019\/07\/bg-revue-2-1.jpg\",\"datePublished\":\"2023-06-13T05:03:29+00:00\",\"dateModified\":\"2026-02-02T17:03:05+00:00\",\"description\":\"Le VEA est d\u00e9di\u00e9 \u00e0 la pr\u00e9servation, la restauration et, surtout, \u00e0 l\u2019utilisation fr\u00e9quente des voitures europ\u00e9ennes d\u2019autrefois.\",\"breadcrumb\":{\"@id\":\"https:\/\/vea.qc.ca\/en\/https-vea-qc-ca-wp-content-uploads-2023-09-ete2023web-144p-pdf\/#breadcrumb\"},\"inLanguage\":\"en-US\",\"potentialAction\":[{\"@type\":\"ReadAction\",\"target\":[\"https:\/\/vea.qc.ca\/en\/https-vea-qc-ca-wp-content-uploads-2023-09-ete2023web-144p-pdf\/\"]}]},{\"@type\":\"ImageObject\",\"inLanguage\":\"en-US\",\"@id\":\"https:\/\/vea.qc.ca\/en\/https-vea-qc-ca-wp-content-uploads-2023-09-ete2023web-144p-pdf\/#primaryimage\",\"url\":\"https:\/\/vea.qc.ca\/wp-content\/uploads\/2019\/07\/bg-revue-2-1.jpg\",\"contentUrl\":\"https:\/\/vea.qc.ca\/wp-content\/uploads\/2019\/07\/bg-revue-2-1.jpg\",\"width\":1897,\"height\":674},{\"@type\":\"BreadcrumbList\",\"@id\":\"https:\/\/vea.qc.ca\/en\/https-vea-qc-ca-wp-content-uploads-2023-09-ete2023web-144p-pdf\/#breadcrumb\",\"itemListElement\":[{\"@type\":\"ListItem\",\"position\":1,\"name\":\"Accueil\",\"item\":\"https:\/\/vea.qc.ca\/en\/\"},{\"@type\":\"ListItem\",\"position\":2,\"name\":\"Magazine\"}]},{\"@type\":\"WebSite\",\"@id\":\"https:\/\/vea.qc.ca\/#website\",\"url\":\"https:\/\/vea.qc.ca\/\",\"name\":\"VEA 50 ans\",\"description\":\"Vintage European Automobiles\",\"potentialAction\":[{\"@type\":\"SearchAction\",\"target\":{\"@type\":\"EntryPoint\",\"urlTemplate\":\"https:\/\/vea.qc.ca\/?s={search_term_string}\"},\"query-input\":{\"@type\":\"PropertyValueSpecification\",\"valueRequired\":true,\"valueName\":\"search_term_string\"}}],\"inLanguage\":\"en-US\"}]}<\/script>\n<!-- \/ Yoast SEO plugin. -->","yoast_head_json":{"title":"Magazine - VEA 50 ans","description":"Le VEA est d\u00e9di\u00e9 \u00e0 la pr\u00e9servation, la restauration et, surtout, \u00e0 l\u2019utilisation fr\u00e9quente des voitures europ\u00e9ennes d\u2019autrefois.","robots":{"index":"index","follow":"follow","max-snippet":"max-snippet:-1","max-image-preview":"max-image-preview:large","max-video-preview":"max-video-preview:-1"},"canonical":"https:\/\/vea.qc.ca\/en\/https-vea-qc-ca-wp-content-uploads-2023-09-ete2023web-144p-pdf\/","og_locale":"en_US","og_type":"article","og_title":"Magazine - VEA 50 ans","og_description":"Le VEA est d\u00e9di\u00e9 \u00e0 la pr\u00e9servation, la restauration et, surtout, \u00e0 l\u2019utilisation fr\u00e9quente des voitures europ\u00e9ennes d\u2019autrefois.","og_url":"https:\/\/vea.qc.ca\/en\/https-vea-qc-ca-wp-content-uploads-2023-09-ete2023web-144p-pdf\/","og_site_name":"VEA 50 ans","article_modified_time":"2026-02-02T17:03:05+00:00","og_image":[{"width":1897,"height":674,"url":"https:\/\/vea.qc.ca\/wp-content\/uploads\/2019\/07\/bg-revue-2-1.jpg","type":"image\/jpeg"}],"twitter_card":"summary_large_image","twitter_misc":{"Est. reading time":"3 minutes"},"schema":{"@context":"https:\/\/schema.org","@graph":[{"@type":"WebPage","@id":"https:\/\/vea.qc.ca\/en\/https-vea-qc-ca-wp-content-uploads-2023-09-ete2023web-144p-pdf\/","url":"https:\/\/vea.qc.ca\/en\/https-vea-qc-ca-wp-content-uploads-2023-09-ete2023web-144p-pdf\/","name":"Magazine - VEA 50 ans","isPartOf":{"@id":"https:\/\/vea.qc.ca\/#website"},"primaryImageOfPage":{"@id":"https:\/\/vea.qc.ca\/en\/https-vea-qc-ca-wp-content-uploads-2023-09-ete2023web-144p-pdf\/#primaryimage"},"image":{"@id":"https:\/\/vea.qc.ca\/en\/https-vea-qc-ca-wp-content-uploads-2023-09-ete2023web-144p-pdf\/#primaryimage"},"thumbnailUrl":"https:\/\/vea.qc.ca\/wp-content\/uploads\/2019\/07\/bg-revue-2-1.jpg","datePublished":"2023-06-13T05:03:29+00:00","dateModified":"2026-02-02T17:03:05+00:00","description":"Le VEA est d\u00e9di\u00e9 \u00e0 la pr\u00e9servation, la restauration et, surtout, \u00e0 l\u2019utilisation fr\u00e9quente des voitures europ\u00e9ennes d\u2019autrefois.","breadcrumb":{"@id":"https:\/\/vea.qc.ca\/en\/https-vea-qc-ca-wp-content-uploads-2023-09-ete2023web-144p-pdf\/#breadcrumb"},"inLanguage":"en-US","potentialAction":[{"@type":"ReadAction","target":["https:\/\/vea.qc.ca\/en\/https-vea-qc-ca-wp-content-uploads-2023-09-ete2023web-144p-pdf\/"]}]},{"@type":"ImageObject","inLanguage":"en-US","@id":"https:\/\/vea.qc.ca\/en\/https-vea-qc-ca-wp-content-uploads-2023-09-ete2023web-144p-pdf\/#primaryimage","url":"https:\/\/vea.qc.ca\/wp-content\/uploads\/2019\/07\/bg-revue-2-1.jpg","contentUrl":"https:\/\/vea.qc.ca\/wp-content\/uploads\/2019\/07\/bg-revue-2-1.jpg","width":1897,"height":674},{"@type":"BreadcrumbList","@id":"https:\/\/vea.qc.ca\/en\/https-vea-qc-ca-wp-content-uploads-2023-09-ete2023web-144p-pdf\/#breadcrumb","itemListElement":[{"@type":"ListItem","position":1,"name":"Accueil","item":"https:\/\/vea.qc.ca\/en\/"},{"@type":"ListItem","position":2,"name":"Magazine"}]},{"@type":"WebSite","@id":"https:\/\/vea.qc.ca\/#website","url":"https:\/\/vea.qc.ca\/","name":"VEA 50 ans","description":"Vintage European Automobiles","potentialAction":[{"@type":"SearchAction","target":{"@type":"EntryPoint","urlTemplate":"https:\/\/vea.qc.ca\/?s={search_term_string}"},"query-input":{"@type":"PropertyValueSpecification","valueRequired":true,"valueName":"search_term_string"}}],"inLanguage":"en-US"}]}},"_links":{"self":[{"href":"https:\/\/vea.qc.ca\/en\/wp-json\/wp\/v2\/pages\/13433","targetHints":{"allow":["GET"]}}],"collection":[{"href":"https:\/\/vea.qc.ca\/en\/wp-json\/wp\/v2\/pages"}],"about":[{"href":"https:\/\/vea.qc.ca\/en\/wp-json\/wp\/v2\/types\/page"}],"author":[{"embeddable":true,"href":"https:\/\/vea.qc.ca\/en\/wp-json\/wp\/v2\/users\/1"}],"replies":[{"embeddable":true,"href":"https:\/\/vea.qc.ca\/en\/wp-json\/wp\/v2\/comments?post=13433"}],"version-history":[{"count":63,"href":"https:\/\/vea.qc.ca\/en\/wp-json\/wp\/v2\/pages\/13433\/revisions"}],"predecessor-version":[{"id":27948,"href":"https:\/\/vea.qc.ca\/en\/wp-json\/wp\/v2\/pages\/13433\/revisions\/27948"}],"wp:featuredmedia":[{"embeddable":true,"href":"https:\/\/vea.qc.ca\/en\/wp-json\/wp\/v2\/media\/12069"}],"wp:attachment":[{"href":"https:\/\/vea.qc.ca\/en\/wp-json\/wp\/v2\/media?parent=13433"}],"wp:term":[{"taxonomy":"simple-restrict-permission","embeddable":true,"href":"https:\/\/vea.qc.ca\/en\/wp-json\/wp\/v2\/simple-restrict-permission?post=13433"}],"curies":[{"name":"wp","href":"https:\/\/api.w.org\/{rel}","templated":true}]}}