{"id":13678,"date":"2019-07-23T23:25:08","date_gmt":"2019-07-24T03:25:08","guid":{"rendered":"http:\/\/vea.arkhame-web.com\/?page_id=13678"},"modified":"2020-01-03T22:39:26","modified_gmt":"2020-01-04T03:39:26","slug":"member-access","status":"publish","type":"page","link":"https:\/\/vea.qc.ca\/en\/member-access\/","title":{"rendered":"Member access"},"content":{"rendered":"","protected":true},"excerpt":{"rendered":"","protected":true},"author":1,"featured_media":13605,"parent":0,"menu_order":0,"comment_status":"closed","ping_status":"closed","template":"","meta":{"footnotes":""},"simple-restrict-permission":[],"class_list":["post-13678","page","type-page","status-publish","post-password-required","hentry"],"yoast_head":"<!-- This site is optimized with the Yoast SEO plugin v26.0 - https:\/\/yoast.com\/wordpress\/plugins\/seo\/ -->\n<title>Member access - VEA 50 ans<\/title>\n<meta name=\"description\" content=\"Le VEA est d\u00e9di\u00e9 \u00e0 la pr\u00e9servation, la restauration et, surtout, \u00e0 l\u2019utilisation fr\u00e9quente des voitures europ\u00e9ennes d\u2019autrefois.\" \/>\n<meta name=\"robots\" content=\"index, follow, max-snippet:-1, max-image-preview:large, max-video-preview:-1\" \/>\n<link rel=\"canonical\" href=\"https:\/\/vea.qc.ca\/en\/member-access\/\" \/>\n<meta property=\"og:locale\" content=\"en_US\" \/>\n<meta property=\"og:type\" content=\"article\" \/>\n<meta property=\"og:title\" content=\"Member access - VEA 50 ans\" \/>\n<meta property=\"og:description\" content=\"Le VEA est d\u00e9di\u00e9 \u00e0 la pr\u00e9servation, la restauration et, surtout, \u00e0 l\u2019utilisation fr\u00e9quente des voitures europ\u00e9ennes d\u2019autrefois.\" \/>\n<meta property=\"og:url\" content=\"https:\/\/vea.qc.ca\/en\/member-access\/\" \/>\n<meta property=\"og:site_name\" content=\"VEA 50 ans\" \/>\n<meta property=\"article:modified_time\" content=\"2020-01-04T03:39:26+00:00\" \/>\n<meta name=\"twitter:card\" content=\"summary_large_image\" \/>\n<meta name=\"twitter:label1\" content=\"Est. reading time\" \/>\n\t<meta name=\"twitter:data1\" content=\"9 minutes\" \/>\n<script type=\"application\/ld+json\" class=\"yoast-schema-graph\">{\"@context\":\"https:\/\/schema.org\",\"@graph\":[{\"@type\":\"WebPage\",\"@id\":\"https:\/\/vea.qc.ca\/en\/member-access\/\",\"url\":\"https:\/\/vea.qc.ca\/en\/member-access\/\",\"name\":\"Member access - VEA 50 ans\",\"isPartOf\":{\"@id\":\"https:\/\/vea.qc.ca\/#website\"},\"datePublished\":\"2019-07-24T03:25:08+00:00\",\"dateModified\":\"2020-01-04T03:39:26+00:00\",\"breadcrumb\":{\"@id\":\"https:\/\/vea.qc.ca\/en\/member-access\/#breadcrumb\"},\"inLanguage\":\"en-US\"},{\"@type\":\"WebSite\",\"@id\":\"https:\/\/vea.qc.ca\/#website\",\"url\":\"https:\/\/vea.qc.ca\/\",\"name\":\"VEA 50 ans\",\"description\":\"Vintage European Automobiles\",\"potentialAction\":[{\"@type\":\"SearchAction\",\"target\":{\"@type\":\"EntryPoint\",\"urlTemplate\":\"https:\/\/vea.qc.ca\/?s={search_term_string}\"},\"query-input\":{\"@type\":\"PropertyValueSpecification\",\"valueRequired\":true,\"valueName\":\"search_term_string\"}}],\"inLanguage\":\"en-US\"}]}<\/script>\n<!-- \/ Yoast SEO plugin. -->","yoast_head_json":{"title":"Member access - VEA 50 ans","description":"Le VEA est d\u00e9di\u00e9 \u00e0 la pr\u00e9servation, la restauration et, surtout, \u00e0 l\u2019utilisation fr\u00e9quente des voitures europ\u00e9ennes d\u2019autrefois.","robots":{"index":"index","follow":"follow","max-snippet":"max-snippet:-1","max-image-preview":"max-image-preview:large","max-video-preview":"max-video-preview:-1"},"canonical":"https:\/\/vea.qc.ca\/en\/member-access\/","og_locale":"en_US","og_type":"article","og_title":"Member access - VEA 50 ans","og_description":"Le VEA est d\u00e9di\u00e9 \u00e0 la pr\u00e9servation, la restauration et, surtout, \u00e0 l\u2019utilisation fr\u00e9quente des voitures europ\u00e9ennes d\u2019autrefois.","og_url":"https:\/\/vea.qc.ca\/en\/member-access\/","og_site_name":"VEA 50 ans","article_modified_time":"2020-01-04T03:39:26+00:00","twitter_card":"summary_large_image","twitter_misc":{"Est. reading time":"9 minutes"},"schema":{"@context":"https:\/\/schema.org","@graph":[{"@type":"WebPage","@id":"https:\/\/vea.qc.ca\/en\/member-access\/","url":"https:\/\/vea.qc.ca\/en\/member-access\/","name":"Member access - VEA 50 ans","isPartOf":{"@id":"https:\/\/vea.qc.ca\/#website"},"datePublished":"2019-07-24T03:25:08+00:00","dateModified":"2020-01-04T03:39:26+00:00","breadcrumb":{"@id":"https:\/\/vea.qc.ca\/en\/member-access\/#breadcrumb"},"inLanguage":"en-US"},{"@type":"WebSite","@id":"https:\/\/vea.qc.ca\/#website","url":"https:\/\/vea.qc.ca\/","name":"VEA 50 ans","description":"Vintage European Automobiles","potentialAction":[{"@type":"SearchAction","target":{"@type":"EntryPoint","urlTemplate":"https:\/\/vea.qc.ca\/?s={search_term_string}"},"query-input":{"@type":"PropertyValueSpecification","valueRequired":true,"valueName":"search_term_string"}}],"inLanguage":"en-US"}]}},"_links":{"self":[{"href":"https:\/\/vea.qc.ca\/en\/wp-json\/wp\/v2\/pages\/13678","targetHints":{"allow":["GET"]}}],"collection":[{"href":"https:\/\/vea.qc.ca\/en\/wp-json\/wp\/v2\/pages"}],"about":[{"href":"https:\/\/vea.qc.ca\/en\/wp-json\/wp\/v2\/types\/page"}],"author":[{"embeddable":true,"href":"https:\/\/vea.qc.ca\/en\/wp-json\/wp\/v2\/users\/1"}],"replies":[{"embeddable":true,"href":"https:\/\/vea.qc.ca\/en\/wp-json\/wp\/v2\/comments?post=13678"}],"version-history":[{"count":35,"href":"https:\/\/vea.qc.ca\/en\/wp-json\/wp\/v2\/pages\/13678\/revisions"}],"predecessor-version":[{"id":15928,"href":"https:\/\/vea.qc.ca\/en\/wp-json\/wp\/v2\/pages\/13678\/revisions\/15928"}],"wp:featuredmedia":[{"embeddable":true,"href":"https:\/\/vea.qc.ca\/en\/wp-json\/wp\/v2\/media\/13605"}],"wp:attachment":[{"href":"https:\/\/vea.qc.ca\/en\/wp-json\/wp\/v2\/media?parent=13678"}],"wp:term":[{"taxonomy":"simple-restrict-permission","embeddable":true,"href":"https:\/\/vea.qc.ca\/en\/wp-json\/wp\/v2\/simple-restrict-permission?post=13678"}],"curies":[{"name":"wp","href":"https:\/\/api.w.org\/{rel}","templated":true}]}}