{"id":15341,"date":"2019-07-22T17:51:23","date_gmt":"2019-07-22T21:51:23","guid":{"rendered":"https:\/\/vea.qc.ca\/?page_id=15341"},"modified":"2026-03-24T13:40:37","modified_gmt":"2026-03-24T18:40:37","slug":"advertisers","status":"publish","type":"page","link":"https:\/\/vea.qc.ca\/en\/advertisers\/","title":{"rendered":"Advertisers"},"content":{"rendered":"<div class=\"wpb-content-wrapper\"><p>[vc_row bg_type=&#8221;color&#8221; header_feature=&#8221;yes&#8221; equal_column_height=&#8221;equal-column&#8221; padding_bottom=&#8221;50px&#8221; margin_bottom=&#8221;0&#8243; padding_top=&#8221;30px&#8221;][vc_column width=&#8221;1\/2&#8243; el_class=&#8221;block-padd-right-less&#8221;]<div class=\"grve-element grve-image grve-align-center\" style=\"\"><img loading=\"lazy\" decoding=\"async\" width=\"821\" height=\"1024\" src=\"https:\/\/vea.qc.ca\/wp-content\/uploads\/2026\/02\/2026-Jaguar-FrenchEnglish-bilingual-8.5x10.75in-pdf-821x1024.jpg\" class=\"attachment-large size-large\" alt=\"\" \/><\/div>[\/vc_column][vc_column vertical_content_position=&#8221;middle&#8221; width=&#8221;1\/2&#8243;]<div class=\"grve-element grve-image border-img-annonceurs grve-align-center\" style=\"\"><img loading=\"lazy\" decoding=\"async\" width=\"350\" height=\"221\" src=\"https:\/\/vea.qc.ca\/wp-content\/uploads\/2026\/03\/MOITIE-MOITIE-mai2026-PUB-demi-100-v2.jpg-reduit-e1774377894359.jpg\" class=\"grve-full-image attachment-blade-grve-small-rect-horizontal-wide size-blade-grve-small-rect-horizontal-wide\" alt=\"\" \/><\/div>[vc_row_inner][vc_column_inner css=&#8221;.vc_custom_1725646377165{padding-right: 0px !important;padding-left: 0px !important;}&#8221;]<div class=\"grve-element grve-image border-img-annonceurs grve-align-center\" style=\"\"><img loading=\"lazy\" decoding=\"async\" width=\"241\" height=\"300\" src=\"https:\/\/vea.qc.ca\/wp-content\/uploads\/2024\/03\/admin-ajax-241x300.jpg\" class=\"attachment-medium size-medium\" alt=\"\" srcset=\"https:\/\/vea.qc.ca\/wp-content\/uploads\/2024\/03\/admin-ajax-241x300.jpg 241w, https:\/\/vea.qc.ca\/wp-content\/uploads\/2024\/03\/admin-ajax.jpg 439w\" sizes=\"auto, (max-width: 241px) 100vw, 241px\" \/><\/div><div class=\"grve-element grve-gallery grve-isotope grve-gallery-popup grve-with-gap\" style=\"\" data-columns=\"2\" data-columns-tablet-landscape=\"2\" data-columns-tablet-portrait=\"2\" data-columns-mobile=\"2\" data-layout=\"fitRows\" data-gutter-size=\"20\">  <div class=\"grve-isotope-container\"><div class=\"grve-isotope-item grve-gallery-item \">  <a href=\"\"><div class=\"grve-isotope-item-inner grve-fadeIn\">    <figure class=\"grve-hover-style-1 grve-image-hover grve-zoom-none\">      <div class=\"grve-media\">        <div class=\"grve-hover-overlay grve-bg-light grve-opacity-0\"><\/div>      <\/div>      <figcaption>        <div class=\"grve-gallery-content\">        <\/div>      <\/figcaption>    <\/figure><\/div>  <\/a><\/div><div class=\"grve-isotope-item grve-gallery-item \">  <a href=\"https:\/\/vea.qc.ca\/wp-content\/uploads\/2019\/10\/G-Bureau.jpg\"><div class=\"grve-isotope-item-inner grve-fadeIn\">    <figure class=\"grve-hover-style-1 grve-image-hover grve-zoom-none\">      <div class=\"grve-media\">        <div class=\"grve-hover-overlay grve-bg-light grve-opacity-0\"><\/div><img loading=\"lazy\" decoding=\"async\" width=\"566\" height=\"323\" src=\"https:\/\/vea.qc.ca\/wp-content\/uploads\/2019\/10\/G-Bureau.jpg\" class=\"attachment-large size-large\" alt=\"\" srcset=\"https:\/\/vea.qc.ca\/wp-content\/uploads\/2019\/10\/G-Bureau.jpg 566w, https:\/\/vea.qc.ca\/wp-content\/uploads\/2019\/10\/G-Bureau-300x171.jpg 300w\" sizes=\"auto, (max-width: 566px) 100vw, 566px\" \/>      <\/div>      <figcaption>        <div class=\"grve-gallery-content\">        <\/div>      <\/figcaption>    <\/figure><\/div>  <\/a><\/div><div class=\"grve-isotope-item grve-gallery-item \">  <a href=\"https:\/\/vea.qc.ca\/wp-content\/uploads\/2019\/10\/John-Van-Kooten-fev2016-1.jpg\"><div class=\"grve-isotope-item-inner grve-fadeIn\">    <figure class=\"grve-hover-style-1 grve-image-hover grve-zoom-none\">      <div class=\"grve-media\">        <div class=\"grve-hover-overlay grve-bg-light grve-opacity-0\"><\/div><img loading=\"lazy\" decoding=\"async\" width=\"705\" height=\"402\" src=\"https:\/\/vea.qc.ca\/wp-content\/uploads\/2019\/10\/John-Van-Kooten-fev2016-1.jpg\" class=\"attachment-large size-large\" alt=\"\" srcset=\"https:\/\/vea.qc.ca\/wp-content\/uploads\/2019\/10\/John-Van-Kooten-fev2016-1.jpg 705w, https:\/\/vea.qc.ca\/wp-content\/uploads\/2019\/10\/John-Van-Kooten-fev2016-1-600x342.jpg 600w, https:\/\/vea.qc.ca\/wp-content\/uploads\/2019\/10\/John-Van-Kooten-fev2016-1-300x171.jpg 300w\" sizes=\"auto, (max-width: 705px) 100vw, 705px\" \/>      <\/div>      <figcaption>        <div class=\"grve-gallery-content\">        <\/div>      <\/figcaption>    <\/figure><\/div>  <\/a><\/div><div class=\"grve-isotope-item grve-gallery-item \">  <a href=\"https:\/\/vea.qc.ca\/wp-content\/uploads\/2019\/10\/B-Bellavance.jpg\"><div class=\"grve-isotope-item-inner grve-fadeIn\">    <figure class=\"grve-hover-style-1 grve-image-hover grve-zoom-none\">      <div class=\"grve-media\">        <div class=\"grve-hover-overlay grve-bg-light grve-opacity-0\"><\/div><img loading=\"lazy\" decoding=\"async\" width=\"705\" height=\"402\" src=\"https:\/\/vea.qc.ca\/wp-content\/uploads\/2019\/10\/B-Bellavance.jpg\" class=\"attachment-large size-large\" alt=\"\" srcset=\"https:\/\/vea.qc.ca\/wp-content\/uploads\/2019\/10\/B-Bellavance.jpg 705w, https:\/\/vea.qc.ca\/wp-content\/uploads\/2019\/10\/B-Bellavance-600x342.jpg 600w, https:\/\/vea.qc.ca\/wp-content\/uploads\/2019\/10\/B-Bellavance-300x171.jpg 300w\" sizes=\"auto, (max-width: 705px) 100vw, 705px\" \/>      <\/div>      <figcaption>        <div class=\"grve-gallery-content\">        <\/div>      <\/figcaption>    <\/figure><\/div>  <\/a><\/div><div class=\"grve-isotope-item grve-gallery-item \">  <a href=\"https:\/\/vea.qc.ca\/wp-content\/uploads\/2023\/09\/La-vie-de-lauto-1.jpg\"><div class=\"grve-isotope-item-inner grve-fadeIn\">    <figure class=\"grve-hover-style-1 grve-image-hover grve-zoom-none\">      <div class=\"grve-media\">        <div class=\"grve-hover-overlay grve-bg-light grve-opacity-0\"><\/div><img loading=\"lazy\" decoding=\"async\" width=\"195\" height=\"73\" src=\"https:\/\/vea.qc.ca\/wp-content\/uploads\/2023\/09\/La-vie-de-lauto-1.jpg\" class=\"attachment-large size-large\" alt=\"\" \/>      <\/div>      <figcaption>        <div class=\"grve-gallery-content\">        <\/div>      <\/figcaption>    <\/figure><\/div>  <\/a><\/div>  <\/div><\/div>[\/vc_column_inner][\/vc_row_inner][\/vc_column][\/vc_row][vc_row section_type=&#8221;fullwidth&#8221; bg_type=&#8221;color&#8221; equal_column_height=&#8221;middle-content&#8221; tablet_sm_visibility=&#8221;hide&#8221; mobile_visibility=&#8221;hide&#8221; padding_top=&#8221;0&#8243; padding_bottom=&#8221;0&#8243; margin_bottom=&#8221;0&#8243; bg_color=&#8221;#f7f7f7&#8243;][vc_column width=&#8221;1\/2&#8243; css=&#8221;.vc_custom_1572876016352{padding-top: 0px !important;padding-right: 0px !important;padding-bottom: 0px !important;padding-left: 0px !important;background-image: url(https:\/\/vea.qc.ca\/wp-content\/uploads\/2019\/11\/bg-volks.jpg?id=15426) !important;background-position: center !important;background-repeat: no-repeat !important;background-size: cover !important;}&#8221;][vc_empty_space height=&#8221;600px&#8221;][\/vc_column][vc_column width=&#8221;1\/2&#8243; css=&#8221;.vc_custom_1564107712623{background-position: center !important;background-repeat: no-repeat !important;background-size: cover !important;}&#8221;][vc_empty_space height=&#8221;50px&#8221;][vc_custom_heading text=&#8221;Avertissement&#8221; font_container=&#8221;tag:h2|text_align:center|color:%233a3a3a&#8221; use_theme_fonts=&#8221;yes&#8221; css=&#8221;.vc_custom_1563598590055{margin-top: -10px !important;}&#8221; el_class=&#8221;title-block-home-montclair&#8221;][vc_custom_heading text=&#8221;de publicit\u00e9&#8221; font_container=&#8221;tag:h2|text_align:center|color:%23e4181c&#8221; use_theme_fonts=&#8221;yes&#8221; css=&#8221;.vc_custom_1563598765519{margin-top: -10px !important;}&#8221; el_class=&#8221;title-block-home-montclair&#8221;][vc_column_text css=&#8221;.vc_custom_1563598616225{padding-right: 15% !important;padding-left: 15% !important;}&#8221;]<\/p>\n<p style=\"text-align: center;\">Bien que le VEA soit reconnaissant du soutien de ses annonceurs, la publication de leur publicit\u00e9 dans l\u2019Autosiaste ou sur le site web du VEA, ne doit pas \u00eatre per\u00e7ue comme une approbation de leurs produits, ni de leurs services.<\/p>\n<p>[\/vc_column_text]<div class=\"grve-element grve-align-center grve-animated-item grve-fadeInUp\" data-delay=\"200\"><a href=\"https:\/\/vea.qc.ca\/en\/contact-us\/submit-your-advertising\/\" class=\"grve-btn grve-btn-medium grve-square grve-bg-primary-1 grve-bg-hover-primary-2\"><span>Soumettre votre publicit\u00e9<\/span><\/a><\/div>[vc_empty_space height=&#8221;50px&#8221;][\/vc_column][\/vc_row][vc_row section_type=&#8221;fullwidth&#8221; equal_column_height=&#8221;middle-content&#8221; desktop_visibility=&#8221;hide&#8221; tablet_visibility=&#8221;hide&#8221; padding_top=&#8221;0&#8243; padding_bottom=&#8221;0&#8243; margin_bottom=&#8221;0&#8243;][vc_column css=&#8221;.vc_custom_1553438918608{background-position: center !important;background-repeat: no-repeat !important;background-size: cover !important;}&#8221;]<div class=\"grve-element grve-image grve-align-center\" style=\"\"><img loading=\"lazy\" decoding=\"async\" width=\"1200\" height=\"801\" src=\"https:\/\/vea.qc.ca\/wp-content\/uploads\/2019\/11\/bg-volks.jpg\" class=\"grve-full-image attachment-full size-full\" alt=\"\" srcset=\"https:\/\/vea.qc.ca\/wp-content\/uploads\/2019\/11\/bg-volks.jpg 1x,https:\/\/vea.qc.ca\/wp-content\/uploads\/2019\/11\/bg-volks.jpg 2x\" \/><\/div>[vc_custom_heading text=&#8221;Avertissement&#8221; font_container=&#8221;tag:h2|text_align:center|color:%233a3a3a&#8221; use_theme_fonts=&#8221;yes&#8221; css=&#8221;.vc_custom_1563598590055{margin-top: -10px !important;}&#8221; el_class=&#8221;title-block-home-montclair&#8221;][vc_custom_heading text=&#8221;de publicit\u00e9&#8221; font_container=&#8221;tag:h2|text_align:center|color:%23e4181c&#8221; use_theme_fonts=&#8221;yes&#8221; css=&#8221;.vc_custom_1563598772972{margin-top: -10px !important;}&#8221; el_class=&#8221;title-block-home-montclair&#8221;][vc_column_text css=&#8221;.vc_custom_1563598616225{padding-right: 15% !important;padding-left: 15% !important;}&#8221;]<\/p>\n<p style=\"text-align: center;\">Bien que le VEA soit reconnaissant du soutien de ses annonceurs, la publication de leur publicit\u00e9 dans l\u2019Autosiaste ou sur le site web du VEA, ne doit pas \u00eatre per\u00e7ue comme une approbation de leurs produits, ni de leurs services.<\/p>\n<p>[\/vc_column_text]<div class=\"grve-element grve-align-center grve-animated-item grve-fadeInUp\" data-delay=\"200\"><a href=\"https:\/\/vea.qc.ca\/en\/contact-us\/submit-your-advertising\/\" class=\"grve-btn grve-btn-medium grve-square grve-bg-primary-1 grve-bg-hover-primary-2\"><span>Soumettre votre publicit\u00e9<\/span><\/a><\/div>[vc_empty_space height=&#8221;50px&#8221;][\/vc_column][\/vc_row][vc_row bg_type=&#8221;image&#8221; bg_image=&#8221;11749&#8243; pattern_overlay=&#8221;yes&#8221; color_overlay=&#8221;primary-1&#8243; opacity_overlay=&#8221;70&#8243; footer_feature=&#8221;yes&#8221; equal_column_height=&#8221;middle-content&#8221; padding_top=&#8221;100&#8243; padding_bottom=&#8221;100&#8243; margin_bottom=&#8221;0&#8243;][vc_column]<h3 class=\"grve-element grve-typed-text grve-align-center grve-h2\" style=\"\">    <span class=\"grve-typed-text-prefix\"> <\/span>    <span class=\"grve-animated-text grve-text-white\">    \t<span id=\"grve-typed-item-69ea211980816\"><\/span>    <\/span>    <span class=\"grve-typed-text-suffix\"> <\/span><script type=\"text\/javascript\">\r\r\n\t\t\t\tjQuery(function($){ $(\"#grve-typed-item-69ea211980816\").typed({\r\r\n\t\t\t\t\tstrings: [\"Sous le soleil ou la pluie nous roulons.\",\"Rain or shine we drive them.\",\"Sub sole aut pluvia ducemus ea.\"],\r\r\n\t\t\t\t\ttypeSpeed: 0,\r\r\n\t\t\t\t\tbackSpeed: 0,\r\r\n\t\t\t\t\tstartDelay: 0,\r\r\n\t\t\t\t\tbackDelay: 500,\r\r\n\t\t\t\t\tloop: true,\r\r\n\t\t\t\t\tloopCount: false,\r\r\n\t\t\t\t\tshowCursor: true,\r\r\n\t\t\t\t\tcursorChar: \"|\",\r\r\n\t\t\t\t\tcontentType: null,\r\r\n\t\t\t\t\tattr: null\r\r\n\t\t\t\t});\r\r\n\t\t\t});\r\r\n\t\t<\/script><\/h3>[vc_empty_space]<div class=\"grve-element grve-align-center grve-animated-item grve-fadeInUp\" data-delay=\"200\"><a href=\"https:\/\/vea.qc.ca\/en\/contact-us\/vea-membership-form\/\" class=\"grve-btn grve-btn-medium grve-square grve-bg-primary-5 grve-bg-hover-primary-2\"><span>Devenir membre du VEA<\/span><\/a><\/div>[\/vc_column][\/vc_row]<\/p>\n<\/div>","protected":false},"excerpt":{"rendered":"<p>[vc_row bg_type=&#8221;color&#8221; header_feature=&#8221;yes&#8221; equal_column_height=&#8221;equal-column&#8221; padding_bottom=&#8221;50px&#8221; margin_bottom=&#8221;0&#8243; padding_top=&#8221;30px&#8221;][vc_column width=&#8221;1\/2&#8243; el_class=&#8221;block-padd-right-less&#8221;][\/vc_column][vc_column vertical_content_position=&#8221;middle&#8221; width=&#8221;1\/2&#8243;][vc_row_inner][vc_column_inner css=&#8221;.vc_custom_1725646377165{padding-right: 0px !important;padding-left: 0px !important;}&#8221;][\/vc_column_inner][\/vc_row_inner][\/vc_column][\/vc_row][vc_row section_type=&#8221;fullwidth&#8221; bg_type=&#8221;color&#8221; equal_column_height=&#8221;middle-content&#8221; tablet_sm_visibility=&#8221;hide&#8221; mobile_visibility=&#8221;hide&#8221; padding_top=&#8221;0&#8243; padding_bottom=&#8221;0&#8243; margin_bottom=&#8221;0&#8243; bg_color=&#8221;#f7f7f7&#8243;][vc_column width=&#8221;1\/2&#8243; css=&#8221;.vc_custom_1572876016352{padding-top: 0px !important;padding-right: 0px !important;padding-bottom: 0px !important;padding-left: 0px !important;background-image: url(https:\/\/vea.qc.ca\/wp-content\/uploads\/2019\/11\/bg-volks.jpg?id=15426) !important;background-position: center !important;background-repeat: no-repeat !important;background-size: cover !important;}&#8221;][vc_empty_space height=&#8221;600px&#8221;][\/vc_column][vc_column width=&#8221;1\/2&#8243; css=&#8221;.vc_custom_1564107712623{background-position: center !important;background-repeat: no-repeat !important;background-size: cover !important;}&#8221;][vc_empty_space height=&#8221;50px&#8221;][vc_custom_heading text=&#8221;Avertissement&#8221; font_container=&#8221;tag:h2|text_align:center|color:%233a3a3a&#8221; [&hellip;]<\/p>\n","protected":false},"author":3,"featured_media":15381,"parent":0,"menu_order":0,"comment_status":"closed","ping_status":"closed","template":"","meta":{"footnotes":""},"simple-restrict-permission":[],"class_list":["post-15341","page","type-page","status-publish","has-post-thumbnail","hentry"],"yoast_head":"<!-- This site is optimized with the Yoast SEO plugin v26.0 - https:\/\/yoast.com\/wordpress\/plugins\/seo\/ -->\n<title>Advertisers - VEA 50 ans<\/title>\n<meta name=\"description\" content=\"Le VEA est d\u00e9di\u00e9 \u00e0 la pr\u00e9servation, la restauration et, surtout, \u00e0 l\u2019utilisation fr\u00e9quente des voitures europ\u00e9ennes d\u2019autrefois.\" \/>\n<meta name=\"robots\" content=\"index, follow, max-snippet:-1, max-image-preview:large, max-video-preview:-1\" \/>\n<link rel=\"canonical\" href=\"https:\/\/vea.qc.ca\/annonceurs\/\" \/>\n<meta property=\"og:locale\" content=\"en_US\" \/>\n<meta property=\"og:type\" content=\"article\" \/>\n<meta property=\"og:title\" content=\"Advertisers - VEA 50 ans\" \/>\n<meta property=\"og:description\" content=\"Le VEA est d\u00e9di\u00e9 \u00e0 la pr\u00e9servation, la restauration et, surtout, \u00e0 l\u2019utilisation fr\u00e9quente des voitures europ\u00e9ennes d\u2019autrefois.\" \/>\n<meta property=\"og:url\" content=\"https:\/\/vea.qc.ca\/annonceurs\/\" \/>\n<meta property=\"og:site_name\" content=\"VEA 50 ans\" \/>\n<meta property=\"article:modified_time\" content=\"2026-03-24T18:40:37+00:00\" \/>\n<meta property=\"og:image\" content=\"https:\/\/vea.qc.ca\/wp-content\/uploads\/2019\/10\/bg-mon-compte.jpg\" \/>\n\t<meta property=\"og:image:width\" content=\"1897\" \/>\n\t<meta property=\"og:image:height\" content=\"674\" \/>\n\t<meta property=\"og:image:type\" content=\"image\/jpeg\" \/>\n<meta name=\"twitter:card\" content=\"summary_large_image\" \/>\n<meta name=\"twitter:label1\" content=\"Est. reading time\" \/>\n\t<meta name=\"twitter:data1\" content=\"2 minutes\" \/>\n<script type=\"application\/ld+json\" class=\"yoast-schema-graph\">{\"@context\":\"https:\/\/schema.org\",\"@graph\":[{\"@type\":\"WebPage\",\"@id\":\"https:\/\/vea.qc.ca\/annonceurs\/\",\"url\":\"https:\/\/vea.qc.ca\/annonceurs\/\",\"name\":\"Advertisers - VEA 50 ans\",\"isPartOf\":{\"@id\":\"https:\/\/vea.qc.ca\/#website\"},\"primaryImageOfPage\":{\"@id\":\"https:\/\/vea.qc.ca\/annonceurs\/#primaryimage\"},\"image\":{\"@id\":\"https:\/\/vea.qc.ca\/annonceurs\/#primaryimage\"},\"thumbnailUrl\":\"https:\/\/vea.qc.ca\/wp-content\/uploads\/2019\/10\/bg-mon-compte.jpg\",\"datePublished\":\"2019-07-22T21:51:23+00:00\",\"dateModified\":\"2026-03-24T18:40:37+00:00\",\"description\":\"Le VEA est d\u00e9di\u00e9 \u00e0 la pr\u00e9servation, la restauration et, surtout, \u00e0 l\u2019utilisation fr\u00e9quente des voitures europ\u00e9ennes d\u2019autrefois.\",\"breadcrumb\":{\"@id\":\"https:\/\/vea.qc.ca\/annonceurs\/#breadcrumb\"},\"inLanguage\":\"en-US\",\"potentialAction\":[{\"@type\":\"ReadAction\",\"target\":[\"https:\/\/vea.qc.ca\/annonceurs\/\"]}]},{\"@type\":\"ImageObject\",\"inLanguage\":\"en-US\",\"@id\":\"https:\/\/vea.qc.ca\/annonceurs\/#primaryimage\",\"url\":\"https:\/\/vea.qc.ca\/wp-content\/uploads\/2019\/10\/bg-mon-compte.jpg\",\"contentUrl\":\"https:\/\/vea.qc.ca\/wp-content\/uploads\/2019\/10\/bg-mon-compte.jpg\",\"width\":1897,\"height\":674},{\"@type\":\"BreadcrumbList\",\"@id\":\"https:\/\/vea.qc.ca\/annonceurs\/#breadcrumb\",\"itemListElement\":[{\"@type\":\"ListItem\",\"position\":1,\"name\":\"Accueil\",\"item\":\"https:\/\/vea.qc.ca\/en\/\"},{\"@type\":\"ListItem\",\"position\":2,\"name\":\"Advertisers\"}]},{\"@type\":\"WebSite\",\"@id\":\"https:\/\/vea.qc.ca\/#website\",\"url\":\"https:\/\/vea.qc.ca\/\",\"name\":\"VEA 50 ans\",\"description\":\"Vintage European Automobiles\",\"potentialAction\":[{\"@type\":\"SearchAction\",\"target\":{\"@type\":\"EntryPoint\",\"urlTemplate\":\"https:\/\/vea.qc.ca\/?s={search_term_string}\"},\"query-input\":{\"@type\":\"PropertyValueSpecification\",\"valueRequired\":true,\"valueName\":\"search_term_string\"}}],\"inLanguage\":\"en-US\"}]}<\/script>\n<!-- \/ Yoast SEO plugin. -->","yoast_head_json":{"title":"Advertisers - VEA 50 ans","description":"Le VEA est d\u00e9di\u00e9 \u00e0 la pr\u00e9servation, la restauration et, surtout, \u00e0 l\u2019utilisation fr\u00e9quente des voitures europ\u00e9ennes d\u2019autrefois.","robots":{"index":"index","follow":"follow","max-snippet":"max-snippet:-1","max-image-preview":"max-image-preview:large","max-video-preview":"max-video-preview:-1"},"canonical":"https:\/\/vea.qc.ca\/annonceurs\/","og_locale":"en_US","og_type":"article","og_title":"Advertisers - VEA 50 ans","og_description":"Le VEA est d\u00e9di\u00e9 \u00e0 la pr\u00e9servation, la restauration et, surtout, \u00e0 l\u2019utilisation fr\u00e9quente des voitures europ\u00e9ennes d\u2019autrefois.","og_url":"https:\/\/vea.qc.ca\/annonceurs\/","og_site_name":"VEA 50 ans","article_modified_time":"2026-03-24T18:40:37+00:00","og_image":[{"width":1897,"height":674,"url":"https:\/\/vea.qc.ca\/wp-content\/uploads\/2019\/10\/bg-mon-compte.jpg","type":"image\/jpeg"}],"twitter_card":"summary_large_image","twitter_misc":{"Est. reading time":"2 minutes"},"schema":{"@context":"https:\/\/schema.org","@graph":[{"@type":"WebPage","@id":"https:\/\/vea.qc.ca\/annonceurs\/","url":"https:\/\/vea.qc.ca\/annonceurs\/","name":"Advertisers - VEA 50 ans","isPartOf":{"@id":"https:\/\/vea.qc.ca\/#website"},"primaryImageOfPage":{"@id":"https:\/\/vea.qc.ca\/annonceurs\/#primaryimage"},"image":{"@id":"https:\/\/vea.qc.ca\/annonceurs\/#primaryimage"},"thumbnailUrl":"https:\/\/vea.qc.ca\/wp-content\/uploads\/2019\/10\/bg-mon-compte.jpg","datePublished":"2019-07-22T21:51:23+00:00","dateModified":"2026-03-24T18:40:37+00:00","description":"Le VEA est d\u00e9di\u00e9 \u00e0 la pr\u00e9servation, la restauration et, surtout, \u00e0 l\u2019utilisation fr\u00e9quente des voitures europ\u00e9ennes d\u2019autrefois.","breadcrumb":{"@id":"https:\/\/vea.qc.ca\/annonceurs\/#breadcrumb"},"inLanguage":"en-US","potentialAction":[{"@type":"ReadAction","target":["https:\/\/vea.qc.ca\/annonceurs\/"]}]},{"@type":"ImageObject","inLanguage":"en-US","@id":"https:\/\/vea.qc.ca\/annonceurs\/#primaryimage","url":"https:\/\/vea.qc.ca\/wp-content\/uploads\/2019\/10\/bg-mon-compte.jpg","contentUrl":"https:\/\/vea.qc.ca\/wp-content\/uploads\/2019\/10\/bg-mon-compte.jpg","width":1897,"height":674},{"@type":"BreadcrumbList","@id":"https:\/\/vea.qc.ca\/annonceurs\/#breadcrumb","itemListElement":[{"@type":"ListItem","position":1,"name":"Accueil","item":"https:\/\/vea.qc.ca\/en\/"},{"@type":"ListItem","position":2,"name":"Advertisers"}]},{"@type":"WebSite","@id":"https:\/\/vea.qc.ca\/#website","url":"https:\/\/vea.qc.ca\/","name":"VEA 50 ans","description":"Vintage European Automobiles","potentialAction":[{"@type":"SearchAction","target":{"@type":"EntryPoint","urlTemplate":"https:\/\/vea.qc.ca\/?s={search_term_string}"},"query-input":{"@type":"PropertyValueSpecification","valueRequired":true,"valueName":"search_term_string"}}],"inLanguage":"en-US"}]}},"_links":{"self":[{"href":"https:\/\/vea.qc.ca\/en\/wp-json\/wp\/v2\/pages\/15341","targetHints":{"allow":["GET"]}}],"collection":[{"href":"https:\/\/vea.qc.ca\/en\/wp-json\/wp\/v2\/pages"}],"about":[{"href":"https:\/\/vea.qc.ca\/en\/wp-json\/wp\/v2\/types\/page"}],"author":[{"embeddable":true,"href":"https:\/\/vea.qc.ca\/en\/wp-json\/wp\/v2\/users\/3"}],"replies":[{"embeddable":true,"href":"https:\/\/vea.qc.ca\/en\/wp-json\/wp\/v2\/comments?post=15341"}],"version-history":[{"count":53,"href":"https:\/\/vea.qc.ca\/en\/wp-json\/wp\/v2\/pages\/15341\/revisions"}],"predecessor-version":[{"id":28231,"href":"https:\/\/vea.qc.ca\/en\/wp-json\/wp\/v2\/pages\/15341\/revisions\/28231"}],"wp:featuredmedia":[{"embeddable":true,"href":"https:\/\/vea.qc.ca\/en\/wp-json\/wp\/v2\/media\/15381"}],"wp:attachment":[{"href":"https:\/\/vea.qc.ca\/en\/wp-json\/wp\/v2\/media?parent=15341"}],"wp:term":[{"taxonomy":"simple-restrict-permission","embeddable":true,"href":"https:\/\/vea.qc.ca\/en\/wp-json\/wp\/v2\/simple-restrict-permission?post=15341"}],"curies":[{"name":"wp","href":"https:\/\/api.w.org\/{rel}","templated":true}]}}