{"id":16499,"date":"2020-01-03T10:08:46","date_gmt":"2020-01-03T15:08:46","guid":{"rendered":"https:\/\/vea.qc.ca\/?page_id=16499"},"modified":"2025-12-04T16:30:29","modified_gmt":"2025-12-04T21:30:29","slug":"vea-shop","status":"publish","type":"page","link":"https:\/\/vea.qc.ca\/en\/vea-shop\/","title":{"rendered":"Boutique"},"content":{"rendered":"<div class=\"wpb-content-wrapper\"><p>[vc_row header_feature=&#8221;yes&#8221; equal_column_height=&#8221;middle-content&#8221; tablet_sm_visibility=&#8221;hide&#8221; mobile_visibility=&#8221;hide&#8221; padding_top=&#8221;0&#8243; padding_bottom=&#8221;40px&#8221; margin_bottom=&#8221;0&#8243; section_id=&#8221;membres&#8221;][vc_column css=&#8221;.vc_custom_1563938339467{background-position: center !important;background-repeat: no-repeat !important;background-size: cover !important;}&#8221;][vc_empty_space height=&#8221;50px&#8221;][vc_custom_heading text=&#8221;Welcome to the VEA boutique&#8221; font_container=&#8221;tag:h2|text_align:center|color:%233a3a3a&#8221; use_theme_fonts=&#8221;yes&#8221; css=&#8221;.vc_custom_1682386251220{margin-top: -10px !important;}&#8221; el_class=&#8221;title-block-home-montclair&#8221;][vc_column_text css=&#8221;.vc_custom_1764883825855{padding-right: 15% !important;padding-left: 15% !important;}&#8221;]<\/p>\n<h5 style=\"text-align: center;\">The following items are sold <strong>in person only<\/strong>&nbsp;by the Boutique Director at monthly dinners and activities.<\/h5>\n<h5 style=\"text-align: center;\">Last Updated : December 4, 2025<\/h5>\n<p>[\/vc_column_text]<div class=\"grve-element grve-hr \" style=\"\"><div class=\"grve-line-divider\"><\/div><\/div>[\/vc_column][\/vc_row][vc_row section_type=&#8221;fullwidth&#8221; header_feature=&#8221;yes&#8221; equal_column_height=&#8221;middle-content&#8221; desktop_visibility=&#8221;hide&#8221; tablet_visibility=&#8221;hide&#8221; padding_top=&#8221;0&#8243; padding_bottom=&#8221;0&#8243; margin_bottom=&#8221;0&#8243;][vc_column css=&#8221;.vc_custom_1553438918608{background-position: center !important;background-repeat: no-repeat !important;background-size: cover !important;}&#8221;][vc_empty_space][vc_custom_heading text=&#8221;Welcome to theVEA boutique&#8221; font_container=&#8221;tag:h2|text_align:center|color:%233a3a3a&#8221; use_theme_fonts=&#8221;yes&#8221; css=&#8221;.vc_custom_1682386269884{margin-top: -10px !important;}&#8221; el_class=&#8221;title-block-home-montclair&#8221;][vc_column_text css=&#8221;.vc_custom_1682386307597{padding-right: 5% !important;padding-left: 5% !important;}&#8221;]<\/p>\n<h5 style=\"text-align: center;\">The following items are sold <strong>in person only<\/strong>\u00a0by the Boutique Director at monthly dinners and activities.<\/h5>\n<h5 style=\"text-align: center;\">Last Updated : April 24, 2023<\/h5>\n<p>[\/vc_column_text]<div class=\"grve-element grve-hr \" style=\"\"><div class=\"grve-line-divider\"><\/div><\/div>[\/vc_column][\/vc_row][vc_row][vc_column]<div class=\"woocommerce columns-4 \"><ul class=\"products columns-4\">\n<li class=\"product type-product post-17346 status-publish first instock product_cat-cap product_cat-men product_cat-women has-post-thumbnail shipping-taxable purchasable product-type-simple\">\n\n\t<a href=\"https:\/\/vea.qc.ca\/en\/produit\/cap\/\" class=\"woocommerce-LoopProduct-link woocommerce-loop-product__link\">\n\t<div class=\"grve-product-item\">\n\t\t<div class=\"grve-product-media grve-image-hover\">\n\n\t\t\t<a href=\"https:\/\/vea.qc.ca\/en\/produit\/cap\/\">\n\n\t\t\t\t<img loading=\"lazy\" decoding=\"async\" width=\"365\" height=\"341\" src=\"https:\/\/vea.qc.ca\/wp-content\/uploads\/2025\/12\/Casquette.jpg\" class=\"attachment-shop_catalog size-shop_catalog\" alt=\"Cap\" srcset=\"https:\/\/vea.qc.ca\/wp-content\/uploads\/2025\/12\/Casquette.jpg 365w, https:\/\/vea.qc.ca\/wp-content\/uploads\/2025\/12\/Casquette-300x280.jpg 300w\" sizes=\"auto, (max-width: 365px) 100vw, 365px\" \/>\n\t\t\t<\/a>\n\n\t\t\t\t\t\t<div class=\"grve-product-content\">\n\t\t\t\t<div class=\"grve-product-switcher\">\n\t\t\t\t\t<div class=\"grve-product-price grve-link-text\">\n\t\t\t\t\t\n\t\t\t\t\t<\/div>\n\t\t\t\t\t<div class=\"grve-add-to-cart-btn grve-link-text\">\n\t\t\t\t\t<a href=\"https:\/\/vea.qc.ca\/en\/produit\/cap\/\" data-product_id=\"17346\" class=\"button product_type_simple\">Learn more<\/a>\t\t\t\t\t<\/div>\n\t\t\t\t<\/div>\n\t\t\t<\/div>\n\t\t<\/div>\n\t<\/div>\n\t<\/a><h2 class=\"woocommerce-loop-product__title\">Cap<\/h2>\n<\/li>\n<li class=\"product type-product post-19052 status-publish instock product_cat-accessories has-post-thumbnail shipping-taxable purchasable product-type-simple\">\n\n\t<a href=\"https:\/\/vea.qc.ca\/en\/produit\/metal-club-badge\/\" class=\"woocommerce-LoopProduct-link woocommerce-loop-product__link\">\n\t<div class=\"grve-product-item\">\n\t\t<div class=\"grve-product-media grve-image-hover\">\n\n\t\t\t<a href=\"https:\/\/vea.qc.ca\/en\/produit\/metal-club-badge\/\">\n\n\t\t\t\t<img loading=\"lazy\" decoding=\"async\" width=\"340\" height=\"342\" src=\"https:\/\/vea.qc.ca\/wp-content\/uploads\/2025\/12\/Ecusson-metal.jpg\" class=\"attachment-shop_catalog size-shop_catalog\" alt=\"Metal Club Badge\" srcset=\"https:\/\/vea.qc.ca\/wp-content\/uploads\/2025\/12\/Ecusson-metal.jpg 340w, https:\/\/vea.qc.ca\/wp-content\/uploads\/2025\/12\/Ecusson-metal-298x300.jpg 298w, https:\/\/vea.qc.ca\/wp-content\/uploads\/2025\/12\/Ecusson-metal-150x150.jpg 150w, https:\/\/vea.qc.ca\/wp-content\/uploads\/2025\/12\/Ecusson-metal-100x100.jpg 100w\" sizes=\"auto, (max-width: 340px) 100vw, 340px\" \/>\n\t\t\t<\/a>\n\n\t\t\t\t\t\t<div class=\"grve-product-content\">\n\t\t\t\t<div class=\"grve-product-switcher\">\n\t\t\t\t\t<div class=\"grve-product-price grve-link-text\">\n\t\t\t\t\t\n\t\t\t\t\t<\/div>\n\t\t\t\t\t<div class=\"grve-add-to-cart-btn grve-link-text\">\n\t\t\t\t\t<a href=\"https:\/\/vea.qc.ca\/en\/produit\/metal-club-badge\/\" data-product_id=\"19052\" class=\"button product_type_simple\">Learn more<\/a>\t\t\t\t\t<\/div>\n\t\t\t\t<\/div>\n\t\t\t<\/div>\n\t\t<\/div>\n\t<\/div>\n\t<\/a><h2 class=\"woocommerce-loop-product__title\">Metal Club Badge<\/h2>\n<\/li>\n<li class=\"product type-product post-19050 status-publish instock product_cat-accessories has-post-thumbnail shipping-taxable purchasable product-type-simple\">\n\n\t<a href=\"https:\/\/vea.qc.ca\/en\/produit\/lapel-pin\/\" class=\"woocommerce-LoopProduct-link woocommerce-loop-product__link\">\n\t<div class=\"grve-product-item\">\n\t\t<div class=\"grve-product-media grve-image-hover\">\n\n\t\t\t<a href=\"https:\/\/vea.qc.ca\/en\/produit\/lapel-pin\/\">\n\n\t\t\t\t<img loading=\"lazy\" decoding=\"async\" width=\"338\" height=\"341\" src=\"https:\/\/vea.qc.ca\/wp-content\/uploads\/2020\/02\/Pin-VEA.jpg\" class=\"attachment-shop_catalog size-shop_catalog\" alt=\"Lapel Pin\" srcset=\"https:\/\/vea.qc.ca\/wp-content\/uploads\/2020\/02\/Pin-VEA.jpg 338w, https:\/\/vea.qc.ca\/wp-content\/uploads\/2020\/02\/Pin-VEA-297x300.jpg 297w, https:\/\/vea.qc.ca\/wp-content\/uploads\/2020\/02\/Pin-VEA-150x150.jpg 150w, https:\/\/vea.qc.ca\/wp-content\/uploads\/2020\/02\/Pin-VEA-100x100.jpg 100w\" sizes=\"auto, (max-width: 338px) 100vw, 338px\" \/>\n\t\t\t<\/a>\n\n\t\t\t\t\t\t<div class=\"grve-product-content\">\n\t\t\t\t<div class=\"grve-product-switcher\">\n\t\t\t\t\t<div class=\"grve-product-price grve-link-text\">\n\t\t\t\t\t\n\t\t\t\t\t<\/div>\n\t\t\t\t\t<div class=\"grve-add-to-cart-btn grve-link-text\">\n\t\t\t\t\t<a href=\"https:\/\/vea.qc.ca\/en\/produit\/lapel-pin\/\" data-product_id=\"19050\" class=\"button product_type_simple\">Learn more<\/a>\t\t\t\t\t<\/div>\n\t\t\t\t<\/div>\n\t\t\t<\/div>\n\t\t<\/div>\n\t<\/div>\n\t<\/a><h2 class=\"woocommerce-loop-product__title\">Lapel Pin<\/h2>\n<\/li>\n<li class=\"product type-product post-19051 status-publish last instock product_cat-accessories has-post-thumbnail shipping-taxable purchasable product-type-simple\">\n\n\t<a href=\"https:\/\/vea.qc.ca\/en\/produit\/electrostatic-sticker\/\" class=\"woocommerce-LoopProduct-link woocommerce-loop-product__link\">\n\t<div class=\"grve-product-item\">\n\t\t<div class=\"grve-product-media grve-image-hover\">\n\n\t\t\t<a href=\"https:\/\/vea.qc.ca\/en\/produit\/electrostatic-sticker\/\">\n\n\t\t\t\t<img loading=\"lazy\" decoding=\"async\" width=\"340\" height=\"341\" src=\"https:\/\/vea.qc.ca\/wp-content\/uploads\/2025\/12\/Collant-electrostatique.jpg\" class=\"attachment-shop_catalog size-shop_catalog\" alt=\"Electrostatic Sticker\" srcset=\"https:\/\/vea.qc.ca\/wp-content\/uploads\/2025\/12\/Collant-electrostatique.jpg 340w, https:\/\/vea.qc.ca\/wp-content\/uploads\/2025\/12\/Collant-electrostatique-300x300.jpg 300w, https:\/\/vea.qc.ca\/wp-content\/uploads\/2025\/12\/Collant-electrostatique-150x150.jpg 150w, https:\/\/vea.qc.ca\/wp-content\/uploads\/2025\/12\/Collant-electrostatique-100x100.jpg 100w\" sizes=\"auto, (max-width: 340px) 100vw, 340px\" \/>\n\t\t\t<\/a>\n\n\t\t\t\t\t\t<div class=\"grve-product-content\">\n\t\t\t\t<div class=\"grve-product-switcher\">\n\t\t\t\t\t<div class=\"grve-product-price grve-link-text\">\n\t\t\t\t\t\n\t\t\t\t\t<\/div>\n\t\t\t\t\t<div class=\"grve-add-to-cart-btn grve-link-text\">\n\t\t\t\t\t<a href=\"https:\/\/vea.qc.ca\/en\/produit\/electrostatic-sticker\/\" data-product_id=\"19051\" class=\"button product_type_simple\">Learn more<\/a>\t\t\t\t\t<\/div>\n\t\t\t\t<\/div>\n\t\t\t<\/div>\n\t\t<\/div>\n\t<\/div>\n\t<\/a><h2 class=\"woocommerce-loop-product__title\">Electrostatic Sticker<\/h2>\n<\/li>\n<\/ul>\n<\/div>[\/vc_column][\/vc_row][vc_row bg_type=&#8221;image&#8221; bg_image=&#8221;11749&#8243; pattern_overlay=&#8221;yes&#8221; color_overlay=&#8221;primary-1&#8243; opacity_overlay=&#8221;70&#8243; footer_feature=&#8221;yes&#8221; equal_column_height=&#8221;middle-content&#8221; padding_top=&#8221;100&#8243; padding_bottom=&#8221;100&#8243; margin_bottom=&#8221;0&#8243;][vc_column]<h3 class=\"grve-element grve-typed-text grve-align-center grve-h2\" style=\"\">    <span class=\"grve-typed-text-prefix\"> <\/span>    <span class=\"grve-animated-text grve-text-white\">    \t<span id=\"grve-typed-item-69ea1fedcea55\"><\/span>    <\/span>    <span class=\"grve-typed-text-suffix\"> <\/span><script type=\"text\/javascript\">\r\r\n\t\t\t\tjQuery(function($){ $(\"#grve-typed-item-69ea1fedcea55\").typed({\r\r\n\t\t\t\t\tstrings: [\"Rain or shine we drive them.\",\"Sous le soleil ou la pluie nous roulons.\",\"Sub sole aut pluvia ducemus ea.\"],\r\r\n\t\t\t\t\ttypeSpeed: 0,\r\r\n\t\t\t\t\tbackSpeed: 0,\r\r\n\t\t\t\t\tstartDelay: 0,\r\r\n\t\t\t\t\tbackDelay: 500,\r\r\n\t\t\t\t\tloop: true,\r\r\n\t\t\t\t\tloopCount: false,\r\r\n\t\t\t\t\tshowCursor: true,\r\r\n\t\t\t\t\tcursorChar: \"|\",\r\r\n\t\t\t\t\tcontentType: null,\r\r\n\t\t\t\t\tattr: null\r\r\n\t\t\t\t});\r\r\n\t\t\t});\r\r\n\t\t<\/script><\/h3>[\/vc_column][\/vc_row]<\/p>\n<\/div>","protected":false},"excerpt":{"rendered":"<p>[vc_row header_feature=&#8221;yes&#8221; equal_column_height=&#8221;middle-content&#8221; tablet_sm_visibility=&#8221;hide&#8221; mobile_visibility=&#8221;hide&#8221; padding_top=&#8221;0&#8243; padding_bottom=&#8221;40px&#8221; margin_bottom=&#8221;0&#8243; section_id=&#8221;membres&#8221;][vc_column css=&#8221;.vc_custom_1563938339467{background-position: center !important;background-repeat: no-repeat !important;background-size: cover !important;}&#8221;][vc_empty_space height=&#8221;50px&#8221;][vc_custom_heading text=&#8221;Welcome to the VEA boutique&#8221; font_container=&#8221;tag:h2|text_align:center|color:%233a3a3a&#8221; use_theme_fonts=&#8221;yes&#8221; css=&#8221;.vc_custom_1682386251220{margin-top: -10px !important;}&#8221; el_class=&#8221;title-block-home-montclair&#8221;][vc_column_text css=&#8221;.vc_custom_1764883825855{padding-right: 15% !important;padding-left: 15% !important;}&#8221;] The following items are sold in person only&nbsp;by the Boutique Director at monthly dinners and activities. Last Updated : December 4, 2025 [&hellip;]<\/p>\n","protected":false},"author":3,"featured_media":11633,"parent":0,"menu_order":0,"comment_status":"closed","ping_status":"closed","template":"","meta":{"footnotes":""},"simple-restrict-permission":[],"class_list":["post-16499","page","type-page","status-publish","has-post-thumbnail","hentry"],"yoast_head":"<!-- This site is optimized with the Yoast SEO plugin v26.0 - https:\/\/yoast.com\/wordpress\/plugins\/seo\/ -->\n<title>Boutique - VEA 50 ans<\/title>\n<meta name=\"description\" content=\"Le VEA est d\u00e9di\u00e9 \u00e0 la pr\u00e9servation, la restauration et, surtout, \u00e0 l\u2019utilisation fr\u00e9quente des voitures europ\u00e9ennes d\u2019autrefois.\" \/>\n<meta name=\"robots\" content=\"index, follow, max-snippet:-1, max-image-preview:large, max-video-preview:-1\" \/>\n<link rel=\"canonical\" href=\"https:\/\/vea.qc.ca\/en\/vea-shop\/\" \/>\n<meta property=\"og:locale\" content=\"en_US\" \/>\n<meta property=\"og:type\" content=\"article\" \/>\n<meta property=\"og:title\" content=\"Boutique - VEA 50 ans\" \/>\n<meta property=\"og:description\" content=\"Le VEA est d\u00e9di\u00e9 \u00e0 la pr\u00e9servation, la restauration et, surtout, \u00e0 l\u2019utilisation fr\u00e9quente des voitures europ\u00e9ennes d\u2019autrefois.\" \/>\n<meta property=\"og:url\" content=\"https:\/\/vea.qc.ca\/en\/vea-shop\/\" \/>\n<meta property=\"og:site_name\" content=\"VEA 50 ans\" \/>\n<meta property=\"article:modified_time\" content=\"2025-12-04T21:30:29+00:00\" \/>\n<meta property=\"og:image\" content=\"https:\/\/vea.qc.ca\/wp-content\/uploads\/2019\/07\/bg-boutique.jpg\" \/>\n\t<meta property=\"og:image:width\" content=\"1897\" \/>\n\t<meta property=\"og:image:height\" content=\"674\" \/>\n\t<meta property=\"og:image:type\" content=\"image\/jpeg\" \/>\n<meta name=\"twitter:card\" content=\"summary_large_image\" \/>\n<meta name=\"twitter:label1\" content=\"Est. reading time\" \/>\n\t<meta name=\"twitter:data1\" content=\"1 minute\" \/>\n<script type=\"application\/ld+json\" class=\"yoast-schema-graph\">{\"@context\":\"https:\/\/schema.org\",\"@graph\":[{\"@type\":\"WebPage\",\"@id\":\"https:\/\/vea.qc.ca\/en\/vea-shop\/\",\"url\":\"https:\/\/vea.qc.ca\/en\/vea-shop\/\",\"name\":\"Boutique - VEA 50 ans\",\"isPartOf\":{\"@id\":\"https:\/\/vea.qc.ca\/#website\"},\"primaryImageOfPage\":{\"@id\":\"https:\/\/vea.qc.ca\/en\/vea-shop\/#primaryimage\"},\"image\":{\"@id\":\"https:\/\/vea.qc.ca\/en\/vea-shop\/#primaryimage\"},\"thumbnailUrl\":\"https:\/\/vea.qc.ca\/wp-content\/uploads\/2019\/07\/bg-boutique.jpg\",\"datePublished\":\"2020-01-03T15:08:46+00:00\",\"dateModified\":\"2025-12-04T21:30:29+00:00\",\"description\":\"Le VEA est d\u00e9di\u00e9 \u00e0 la pr\u00e9servation, la restauration et, surtout, \u00e0 l\u2019utilisation fr\u00e9quente des voitures europ\u00e9ennes d\u2019autrefois.\",\"breadcrumb\":{\"@id\":\"https:\/\/vea.qc.ca\/en\/vea-shop\/#breadcrumb\"},\"inLanguage\":\"en-US\",\"potentialAction\":[{\"@type\":\"ReadAction\",\"target\":[\"https:\/\/vea.qc.ca\/en\/vea-shop\/\"]}]},{\"@type\":\"ImageObject\",\"inLanguage\":\"en-US\",\"@id\":\"https:\/\/vea.qc.ca\/en\/vea-shop\/#primaryimage\",\"url\":\"https:\/\/vea.qc.ca\/wp-content\/uploads\/2019\/07\/bg-boutique.jpg\",\"contentUrl\":\"https:\/\/vea.qc.ca\/wp-content\/uploads\/2019\/07\/bg-boutique.jpg\",\"width\":1897,\"height\":674},{\"@type\":\"BreadcrumbList\",\"@id\":\"https:\/\/vea.qc.ca\/en\/vea-shop\/#breadcrumb\",\"itemListElement\":[{\"@type\":\"ListItem\",\"position\":1,\"name\":\"Accueil\",\"item\":\"https:\/\/vea.qc.ca\/en\/\"},{\"@type\":\"ListItem\",\"position\":2,\"name\":\"Boutique\"}]},{\"@type\":\"WebSite\",\"@id\":\"https:\/\/vea.qc.ca\/#website\",\"url\":\"https:\/\/vea.qc.ca\/\",\"name\":\"VEA 50 ans\",\"description\":\"Vintage European Automobiles\",\"potentialAction\":[{\"@type\":\"SearchAction\",\"target\":{\"@type\":\"EntryPoint\",\"urlTemplate\":\"https:\/\/vea.qc.ca\/?s={search_term_string}\"},\"query-input\":{\"@type\":\"PropertyValueSpecification\",\"valueRequired\":true,\"valueName\":\"search_term_string\"}}],\"inLanguage\":\"en-US\"}]}<\/script>\n<!-- \/ Yoast SEO plugin. -->","yoast_head_json":{"title":"Boutique - VEA 50 ans","description":"Le VEA est d\u00e9di\u00e9 \u00e0 la pr\u00e9servation, la restauration et, surtout, \u00e0 l\u2019utilisation fr\u00e9quente des voitures europ\u00e9ennes d\u2019autrefois.","robots":{"index":"index","follow":"follow","max-snippet":"max-snippet:-1","max-image-preview":"max-image-preview:large","max-video-preview":"max-video-preview:-1"},"canonical":"https:\/\/vea.qc.ca\/en\/vea-shop\/","og_locale":"en_US","og_type":"article","og_title":"Boutique - VEA 50 ans","og_description":"Le VEA est d\u00e9di\u00e9 \u00e0 la pr\u00e9servation, la restauration et, surtout, \u00e0 l\u2019utilisation fr\u00e9quente des voitures europ\u00e9ennes d\u2019autrefois.","og_url":"https:\/\/vea.qc.ca\/en\/vea-shop\/","og_site_name":"VEA 50 ans","article_modified_time":"2025-12-04T21:30:29+00:00","og_image":[{"width":1897,"height":674,"url":"https:\/\/vea.qc.ca\/wp-content\/uploads\/2019\/07\/bg-boutique.jpg","type":"image\/jpeg"}],"twitter_card":"summary_large_image","twitter_misc":{"Est. reading time":"1 minute"},"schema":{"@context":"https:\/\/schema.org","@graph":[{"@type":"WebPage","@id":"https:\/\/vea.qc.ca\/en\/vea-shop\/","url":"https:\/\/vea.qc.ca\/en\/vea-shop\/","name":"Boutique - VEA 50 ans","isPartOf":{"@id":"https:\/\/vea.qc.ca\/#website"},"primaryImageOfPage":{"@id":"https:\/\/vea.qc.ca\/en\/vea-shop\/#primaryimage"},"image":{"@id":"https:\/\/vea.qc.ca\/en\/vea-shop\/#primaryimage"},"thumbnailUrl":"https:\/\/vea.qc.ca\/wp-content\/uploads\/2019\/07\/bg-boutique.jpg","datePublished":"2020-01-03T15:08:46+00:00","dateModified":"2025-12-04T21:30:29+00:00","description":"Le VEA est d\u00e9di\u00e9 \u00e0 la pr\u00e9servation, la restauration et, surtout, \u00e0 l\u2019utilisation fr\u00e9quente des voitures europ\u00e9ennes d\u2019autrefois.","breadcrumb":{"@id":"https:\/\/vea.qc.ca\/en\/vea-shop\/#breadcrumb"},"inLanguage":"en-US","potentialAction":[{"@type":"ReadAction","target":["https:\/\/vea.qc.ca\/en\/vea-shop\/"]}]},{"@type":"ImageObject","inLanguage":"en-US","@id":"https:\/\/vea.qc.ca\/en\/vea-shop\/#primaryimage","url":"https:\/\/vea.qc.ca\/wp-content\/uploads\/2019\/07\/bg-boutique.jpg","contentUrl":"https:\/\/vea.qc.ca\/wp-content\/uploads\/2019\/07\/bg-boutique.jpg","width":1897,"height":674},{"@type":"BreadcrumbList","@id":"https:\/\/vea.qc.ca\/en\/vea-shop\/#breadcrumb","itemListElement":[{"@type":"ListItem","position":1,"name":"Accueil","item":"https:\/\/vea.qc.ca\/en\/"},{"@type":"ListItem","position":2,"name":"Boutique"}]},{"@type":"WebSite","@id":"https:\/\/vea.qc.ca\/#website","url":"https:\/\/vea.qc.ca\/","name":"VEA 50 ans","description":"Vintage European Automobiles","potentialAction":[{"@type":"SearchAction","target":{"@type":"EntryPoint","urlTemplate":"https:\/\/vea.qc.ca\/?s={search_term_string}"},"query-input":{"@type":"PropertyValueSpecification","valueRequired":true,"valueName":"search_term_string"}}],"inLanguage":"en-US"}]}},"_links":{"self":[{"href":"https:\/\/vea.qc.ca\/en\/wp-json\/wp\/v2\/pages\/16499","targetHints":{"allow":["GET"]}}],"collection":[{"href":"https:\/\/vea.qc.ca\/en\/wp-json\/wp\/v2\/pages"}],"about":[{"href":"https:\/\/vea.qc.ca\/en\/wp-json\/wp\/v2\/types\/page"}],"author":[{"embeddable":true,"href":"https:\/\/vea.qc.ca\/en\/wp-json\/wp\/v2\/users\/3"}],"replies":[{"embeddable":true,"href":"https:\/\/vea.qc.ca\/en\/wp-json\/wp\/v2\/comments?post=16499"}],"version-history":[{"count":42,"href":"https:\/\/vea.qc.ca\/en\/wp-json\/wp\/v2\/pages\/16499\/revisions"}],"predecessor-version":[{"id":27850,"href":"https:\/\/vea.qc.ca\/en\/wp-json\/wp\/v2\/pages\/16499\/revisions\/27850"}],"wp:featuredmedia":[{"embeddable":true,"href":"https:\/\/vea.qc.ca\/en\/wp-json\/wp\/v2\/media\/11633"}],"wp:attachment":[{"href":"https:\/\/vea.qc.ca\/en\/wp-json\/wp\/v2\/media?parent=16499"}],"wp:term":[{"taxonomy":"simple-restrict-permission","embeddable":true,"href":"https:\/\/vea.qc.ca\/en\/wp-json\/wp\/v2\/simple-restrict-permission?post=16499"}],"curies":[{"name":"wp","href":"https:\/\/api.w.org\/{rel}","templated":true}]}}