{"id":16614,"date":"2020-01-03T23:36:28","date_gmt":"2020-01-04T04:36:28","guid":{"rendered":"https:\/\/vea.qc.ca\/?page_id=16614"},"modified":"2020-01-10T00:40:30","modified_gmt":"2020-01-10T05:40:30","slug":"registration","status":"publish","type":"page","link":"https:\/\/vea.qc.ca\/en\/registration\/","title":{"rendered":"Registration"},"content":{"rendered":"<div class=\"wpb-content-wrapper\"><p>[vc_row header_feature=&#8221;yes&#8221; equal_column_height=&#8221;middle-content&#8221; tablet_sm_visibility=&#8221;hide&#8221; mobile_visibility=&#8221;hide&#8221; padding_top=&#8221;0&#8243; padding_bottom=&#8221;40px&#8221; margin_bottom=&#8221;0&#8243; section_id=&#8221;membres&#8221;][vc_column css=&#8221;.vc_custom_1563938339467{background-position: center !important;background-repeat: no-repeat !important;background-size: cover !important;}&#8221;][vc_empty_space height=&#8221;50px&#8221;][vc_custom_heading text=&#8221;Access request form&#8221; font_container=&#8221;tag:h2|text_align:center|color:%233a3a3a&#8221; use_theme_fonts=&#8221;yes&#8221; css=&#8221;.vc_custom_1578112104524{margin-top: -10px !important;}&#8221; el_class=&#8221;title-block-home-montclair&#8221;][vc_custom_heading text=&#8221;to VEA member space&#8221; font_container=&#8221;tag:h2|text_align:center|color:%23e4181c&#8221; use_theme_fonts=&#8221;yes&#8221; css=&#8221;.vc_custom_1578112791063{margin-top: -10px !important;}&#8221; el_class=&#8221;title-block-home-montclair&#8221;][vc_column_text css=&#8221;.vc_custom_1578152937695{padding-right: 5% !important;padding-left: 5% !important;}&#8221;]<\/p>\n<h5 style=\"text-align: center;\">The member section of the VEA website is evolving by now offering several new features such as the online store, managing your account (orders, address, password), registering for activities from the site, etc&#8230; To do this, the old member area is no longer accessible and replaced by this new area.<\/h5>\n<h5 style=\"text-align: center;\">Once you have registered, your request must be approved by the VEA site administrators. Once your request has been validated, you will receive a confirmation email containing the connection information to the members area.<\/h5>\n<p>[\/vc_column_text][vc_column_text css=&#8221;.vc_custom_1578330353404{padding-right: 5% !important;padding-left: 5% !important;}&#8221;]<\/p>\n<p class=\"txt-enr-act-2\"><i class=\"fa fa-exclamation-triangle\"><\/i> In order to be approved for access to the online member area, you must be a member of the VEA (European Cars of Yesteryear) and have paid your subscription for the current year. Your information (Name and email) must correspond to that which you provided when you joined the VEA or recorded in our files.<\/p>\n<p>[\/vc_column_text]<div class=\"grve-element grve-hr \" style=\"\"><div class=\"grve-line-divider\"><\/div><\/div>[\/vc_column][\/vc_row][vc_row section_type=&#8221;fullwidth&#8221; header_feature=&#8221;yes&#8221; equal_column_height=&#8221;middle-content&#8221; desktop_visibility=&#8221;hide&#8221; tablet_visibility=&#8221;hide&#8221; padding_top=&#8221;0&#8243; padding_bottom=&#8221;0&#8243; margin_bottom=&#8221;0&#8243;][vc_column css=&#8221;.vc_custom_1553438918608{background-position: center !important;background-repeat: no-repeat !important;background-size: cover !important;}&#8221;][vc_empty_space][vc_custom_heading text=&#8221;Access request form&#8221; font_container=&#8221;tag:h2|text_align:center|color:%233a3a3a&#8221; use_theme_fonts=&#8221;yes&#8221; css=&#8221;.vc_custom_1578112206425{margin-top: -10px !important;}&#8221; el_class=&#8221;title-block-home-montclair&#8221;][vc_custom_heading text=&#8221;to VEA member space&#8221; font_container=&#8221;tag:h2|text_align:center|color:%23e4181c&#8221; use_theme_fonts=&#8221;yes&#8221; css=&#8221;.vc_custom_1578112193316{margin-top: -10px !important;}&#8221; el_class=&#8221;title-block-home-montclair&#8221;][vc_column_text css=&#8221;.vc_custom_1578152945935{padding-right: 5% !important;padding-left: 5% !important;}&#8221;]<\/p>\n<h5 style=\"text-align: center;\">The member section of the VEA website is evolving by now offering several new features such as the online store, managing your account (orders, address, password), registering for activities from the site, etc&#8230; To do this, the old member area is no longer accessible and replaced by this new area.<\/h5>\n<h5 style=\"text-align: center;\">Once you have registered, your request must be approved by the VEA site administrators. Once your request has been validated, you will receive a confirmation email containing the connection information to the members area.<\/h5>\n<p>[\/vc_column_text][vc_column_text css=&#8221;.vc_custom_1578330360456{padding-right: 5% !important;padding-left: 5% !important;}&#8221;]<\/p>\n<p class=\"txt-enr-act-2\"><i class=\"fa fa-exclamation-triangle\"><\/i> In order to be approved for access to the online member area, you must be a member of the VEA (European Cars of Yesteryear) and have paid your subscription for the current year. Your information (Name and email) must correspond to that which you provided when you joined the VEA or recorded in our files.<\/p>\n<p>[\/vc_column_text]<div class=\"grve-element grve-hr \" style=\"\"><div class=\"grve-line-divider\"><\/div><\/div>[vc_empty_space][\/vc_column][\/vc_row][vc_row equal_column_height=&#8221;equal-column&#8221; tablet_sm_visibility=&#8221;hide&#8221; mobile_visibility=&#8221;hide&#8221; padding_bottom=&#8221;30px&#8221;][vc_column width=&#8221;1\/2&#8243; css=&#8221;.vc_custom_1578157477647{padding-top: 40px !important;padding-right: 5px !important;padding-bottom: 20px !important;padding-left: 5px !important;background-color: #f4f4f4 !important;}&#8221; el_class=&#8221;menu-mon-compte-pge-account&#8221;][vc_column_text css=&#8221;.vc_custom_1578634095802{padding-right: 15% !important;padding-left: 15% !important;}&#8221;]<\/p>\n<h4>Access to the member area allows:<\/h4>\n<ul>\n<li class=\"txt-ul-enregistrement\">To register for the activities organized by the VEA<br \/>\nSubmit your car(s)<\/li>\n<li class=\"txt-ul-enregistrement\">To publish an ad<\/li>\n<li class=\"txt-ul-enregistrement\">Send us the photos taken during an activity organized by the VEA<\/li>\n<li class=\"txt-ul-enregistrement\">Renew your membership<\/li>\n<li class=\"txt-ul-enregistrement\">To consult all the Autosiaste magazines<\/li>\n<li class=\"txt-ul-enregistrement\">To order products in our member-only shop<\/li>\n<li class=\"txt-ul-enregistrement\">Manage your orders, addresses, password, etc &#8230;<\/li>\n<\/ul>\n<p>[\/vc_column_text][\/vc_column][vc_column width=&#8221;1\/2&#8243;]<div class=\"woocommerce\"><\/div>[\/vc_column][\/vc_row][vc_row equal_column_height=&#8221;equal-column&#8221; desktop_visibility=&#8221;hide&#8221; tablet_visibility=&#8221;hide&#8221; padding_bottom=&#8221;30px&#8221;][vc_column css=&#8221;.vc_custom_1578152556057{padding-top: 40px !important;padding-bottom: 20px !important;background-color: #f4f4f4 !important;}&#8221; el_class=&#8221;menu-mon-compte-pge-account&#8221;][vc_column_text css=&#8221;.vc_custom_1578634108875{padding-right: 5% !important;padding-left: 5% !important;}&#8221;]<\/p>\n<h4>Access to the member area allows:<\/h4>\n<ul>\n<li class=\"txt-ul-enregistrement\">To register for the activities organized by the VEA<br \/>\nSubmit your car(s)<\/li>\n<li class=\"txt-ul-enregistrement\">To publish an ad<\/li>\n<li class=\"txt-ul-enregistrement\">Send us the photos taken during an activity organized by the VEA<\/li>\n<li class=\"txt-ul-enregistrement\">Renew your membership<\/li>\n<li class=\"txt-ul-enregistrement\">To consult all the Autosiaste magazines<\/li>\n<li class=\"txt-ul-enregistrement\">To order products in our member-only shop<\/li>\n<li class=\"txt-ul-enregistrement\">Manage your orders, addresses, password, etc &#8230;<\/li>\n<\/ul>\n<p>[\/vc_column_text][\/vc_column][\/vc_row][vc_row equal_column_height=&#8221;equal-column&#8221; desktop_visibility=&#8221;hide&#8221; tablet_visibility=&#8221;hide&#8221; padding_bottom=&#8221;30px&#8221;][vc_column]<div class=\"woocommerce\"><\/div>[\/vc_column][\/vc_row][vc_row bg_type=&#8221;image&#8221; bg_image=&#8221;11749&#8243; pattern_overlay=&#8221;yes&#8221; color_overlay=&#8221;primary-1&#8243; opacity_overlay=&#8221;70&#8243; footer_feature=&#8221;yes&#8221; equal_column_height=&#8221;middle-content&#8221; padding_top=&#8221;100&#8243; padding_bottom=&#8221;100&#8243; margin_bottom=&#8221;0&#8243;][vc_column][vc_row_inner][vc_column_inner css=&#8221;.vc_custom_1563405320527{padding-bottom: 30px !important;}&#8221;]<h3 class=\"grve-element grve-typed-text grve-align-center grve-h2\" style=\"\">    <span class=\"grve-typed-text-prefix\"> <\/span>    <span class=\"grve-animated-text grve-text-white\">    \t<span id=\"grve-typed-item-69ea2148739db\"><\/span>    <\/span>    <span class=\"grve-typed-text-suffix\"> <\/span><script type=\"text\/javascript\">\r\r\n\t\t\t\tjQuery(function($){ $(\"#grve-typed-item-69ea2148739db\").typed({\r\r\n\t\t\t\t\tstrings: [\"Rain or shine we drive them.\",\"Sous le soleil ou la pluie nous roulons.\",\"Sub sole aut pluvia ducemus ea.\"],\r\r\n\t\t\t\t\ttypeSpeed: 0,\r\r\n\t\t\t\t\tbackSpeed: 0,\r\r\n\t\t\t\t\tstartDelay: 0,\r\r\n\t\t\t\t\tbackDelay: 500,\r\r\n\t\t\t\t\tloop: true,\r\r\n\t\t\t\t\tloopCount: false,\r\r\n\t\t\t\t\tshowCursor: true,\r\r\n\t\t\t\t\tcursorChar: \"|\",\r\r\n\t\t\t\t\tcontentType: null,\r\r\n\t\t\t\t\tattr: null\r\r\n\t\t\t\t});\r\r\n\t\t\t});\r\r\n\t\t<\/script><\/h3>[\/vc_column_inner][\/vc_row_inner][\/vc_column][\/vc_row]<\/p>\n<\/div>","protected":false},"excerpt":{"rendered":"<p>[vc_row header_feature=&#8221;yes&#8221; equal_column_height=&#8221;middle-content&#8221; tablet_sm_visibility=&#8221;hide&#8221; mobile_visibility=&#8221;hide&#8221; padding_top=&#8221;0&#8243; padding_bottom=&#8221;40px&#8221; margin_bottom=&#8221;0&#8243; section_id=&#8221;membres&#8221;][vc_column css=&#8221;.vc_custom_1563938339467{background-position: center !important;background-repeat: no-repeat !important;background-size: cover !important;}&#8221;][vc_empty_space height=&#8221;50px&#8221;][vc_custom_heading text=&#8221;Access request form&#8221; font_container=&#8221;tag:h2|text_align:center|color:%233a3a3a&#8221; use_theme_fonts=&#8221;yes&#8221; css=&#8221;.vc_custom_1578112104524{margin-top: -10px !important;}&#8221; el_class=&#8221;title-block-home-montclair&#8221;][vc_custom_heading text=&#8221;to VEA member space&#8221; font_container=&#8221;tag:h2|text_align:center|color:%23e4181c&#8221; use_theme_fonts=&#8221;yes&#8221; css=&#8221;.vc_custom_1578112791063{margin-top: -10px !important;}&#8221; el_class=&#8221;title-block-home-montclair&#8221;][vc_column_text css=&#8221;.vc_custom_1578152937695{padding-right: 5% !important;padding-left: 5% !important;}&#8221;] The member section of the VEA website is evolving by now offering several new [&hellip;]<\/p>\n","protected":false},"author":3,"featured_media":16666,"parent":0,"menu_order":0,"comment_status":"closed","ping_status":"closed","template":"","meta":{"footnotes":""},"simple-restrict-permission":[],"class_list":["post-16614","page","type-page","status-publish","has-post-thumbnail","hentry"],"yoast_head":"<!-- This site is optimized with the Yoast SEO plugin v26.0 - https:\/\/yoast.com\/wordpress\/plugins\/seo\/ -->\n<title>Registration - VEA 50 ans<\/title>\n<meta name=\"description\" content=\"Le VEA est d\u00e9di\u00e9 \u00e0 la pr\u00e9servation, la restauration et, surtout, \u00e0 l\u2019utilisation fr\u00e9quente des voitures europ\u00e9ennes d\u2019autrefois.\" \/>\n<meta name=\"robots\" content=\"index, follow, max-snippet:-1, max-image-preview:large, max-video-preview:-1\" \/>\n<link rel=\"canonical\" href=\"https:\/\/vea.qc.ca\/en\/registration\/\" \/>\n<meta property=\"og:locale\" content=\"en_US\" \/>\n<meta property=\"og:type\" content=\"article\" \/>\n<meta property=\"og:title\" content=\"Registration - VEA 50 ans\" \/>\n<meta property=\"og:description\" content=\"Le VEA est d\u00e9di\u00e9 \u00e0 la pr\u00e9servation, la restauration et, surtout, \u00e0 l\u2019utilisation fr\u00e9quente des voitures europ\u00e9ennes d\u2019autrefois.\" \/>\n<meta property=\"og:url\" content=\"https:\/\/vea.qc.ca\/en\/registration\/\" \/>\n<meta property=\"og:site_name\" content=\"VEA 50 ans\" \/>\n<meta property=\"article:modified_time\" content=\"2020-01-10T05:40:30+00:00\" \/>\n<meta property=\"og:image\" content=\"https:\/\/vea.qc.ca\/wp-content\/uploads\/2020\/01\/enregistrement-2-1.jpg\" \/>\n\t<meta property=\"og:image:width\" content=\"1897\" \/>\n\t<meta property=\"og:image:height\" content=\"674\" \/>\n\t<meta property=\"og:image:type\" content=\"image\/jpeg\" \/>\n<meta name=\"twitter:card\" content=\"summary_large_image\" \/>\n<meta name=\"twitter:label1\" content=\"Est. reading time\" \/>\n\t<meta name=\"twitter:data1\" content=\"5 minutes\" \/>\n<script type=\"application\/ld+json\" class=\"yoast-schema-graph\">{\"@context\":\"https:\/\/schema.org\",\"@graph\":[{\"@type\":\"WebPage\",\"@id\":\"https:\/\/vea.qc.ca\/en\/registration\/\",\"url\":\"https:\/\/vea.qc.ca\/en\/registration\/\",\"name\":\"Registration - VEA 50 ans\",\"isPartOf\":{\"@id\":\"https:\/\/vea.qc.ca\/#website\"},\"primaryImageOfPage\":{\"@id\":\"https:\/\/vea.qc.ca\/en\/registration\/#primaryimage\"},\"image\":{\"@id\":\"https:\/\/vea.qc.ca\/en\/registration\/#primaryimage\"},\"thumbnailUrl\":\"https:\/\/vea.qc.ca\/wp-content\/uploads\/2020\/01\/enregistrement-2-1.jpg\",\"datePublished\":\"2020-01-04T04:36:28+00:00\",\"dateModified\":\"2020-01-10T05:40:30+00:00\",\"description\":\"Le VEA est d\u00e9di\u00e9 \u00e0 la pr\u00e9servation, la restauration et, surtout, \u00e0 l\u2019utilisation fr\u00e9quente des voitures europ\u00e9ennes d\u2019autrefois.\",\"breadcrumb\":{\"@id\":\"https:\/\/vea.qc.ca\/en\/registration\/#breadcrumb\"},\"inLanguage\":\"en-US\",\"potentialAction\":[{\"@type\":\"ReadAction\",\"target\":[\"https:\/\/vea.qc.ca\/en\/registration\/\"]}]},{\"@type\":\"ImageObject\",\"inLanguage\":\"en-US\",\"@id\":\"https:\/\/vea.qc.ca\/en\/registration\/#primaryimage\",\"url\":\"https:\/\/vea.qc.ca\/wp-content\/uploads\/2020\/01\/enregistrement-2-1.jpg\",\"contentUrl\":\"https:\/\/vea.qc.ca\/wp-content\/uploads\/2020\/01\/enregistrement-2-1.jpg\",\"width\":1897,\"height\":674},{\"@type\":\"BreadcrumbList\",\"@id\":\"https:\/\/vea.qc.ca\/en\/registration\/#breadcrumb\",\"itemListElement\":[{\"@type\":\"ListItem\",\"position\":1,\"name\":\"Accueil\",\"item\":\"https:\/\/vea.qc.ca\/en\/\"},{\"@type\":\"ListItem\",\"position\":2,\"name\":\"Registration\"}]},{\"@type\":\"WebSite\",\"@id\":\"https:\/\/vea.qc.ca\/#website\",\"url\":\"https:\/\/vea.qc.ca\/\",\"name\":\"VEA 50 ans\",\"description\":\"Vintage European Automobiles\",\"potentialAction\":[{\"@type\":\"SearchAction\",\"target\":{\"@type\":\"EntryPoint\",\"urlTemplate\":\"https:\/\/vea.qc.ca\/?s={search_term_string}\"},\"query-input\":{\"@type\":\"PropertyValueSpecification\",\"valueRequired\":true,\"valueName\":\"search_term_string\"}}],\"inLanguage\":\"en-US\"}]}<\/script>\n<!-- \/ Yoast SEO plugin. -->","yoast_head_json":{"title":"Registration - VEA 50 ans","description":"Le VEA est d\u00e9di\u00e9 \u00e0 la pr\u00e9servation, la restauration et, surtout, \u00e0 l\u2019utilisation fr\u00e9quente des voitures europ\u00e9ennes d\u2019autrefois.","robots":{"index":"index","follow":"follow","max-snippet":"max-snippet:-1","max-image-preview":"max-image-preview:large","max-video-preview":"max-video-preview:-1"},"canonical":"https:\/\/vea.qc.ca\/en\/registration\/","og_locale":"en_US","og_type":"article","og_title":"Registration - VEA 50 ans","og_description":"Le VEA est d\u00e9di\u00e9 \u00e0 la pr\u00e9servation, la restauration et, surtout, \u00e0 l\u2019utilisation fr\u00e9quente des voitures europ\u00e9ennes d\u2019autrefois.","og_url":"https:\/\/vea.qc.ca\/en\/registration\/","og_site_name":"VEA 50 ans","article_modified_time":"2020-01-10T05:40:30+00:00","og_image":[{"width":1897,"height":674,"url":"https:\/\/vea.qc.ca\/wp-content\/uploads\/2020\/01\/enregistrement-2-1.jpg","type":"image\/jpeg"}],"twitter_card":"summary_large_image","twitter_misc":{"Est. reading time":"5 minutes"},"schema":{"@context":"https:\/\/schema.org","@graph":[{"@type":"WebPage","@id":"https:\/\/vea.qc.ca\/en\/registration\/","url":"https:\/\/vea.qc.ca\/en\/registration\/","name":"Registration - VEA 50 ans","isPartOf":{"@id":"https:\/\/vea.qc.ca\/#website"},"primaryImageOfPage":{"@id":"https:\/\/vea.qc.ca\/en\/registration\/#primaryimage"},"image":{"@id":"https:\/\/vea.qc.ca\/en\/registration\/#primaryimage"},"thumbnailUrl":"https:\/\/vea.qc.ca\/wp-content\/uploads\/2020\/01\/enregistrement-2-1.jpg","datePublished":"2020-01-04T04:36:28+00:00","dateModified":"2020-01-10T05:40:30+00:00","description":"Le VEA est d\u00e9di\u00e9 \u00e0 la pr\u00e9servation, la restauration et, surtout, \u00e0 l\u2019utilisation fr\u00e9quente des voitures europ\u00e9ennes d\u2019autrefois.","breadcrumb":{"@id":"https:\/\/vea.qc.ca\/en\/registration\/#breadcrumb"},"inLanguage":"en-US","potentialAction":[{"@type":"ReadAction","target":["https:\/\/vea.qc.ca\/en\/registration\/"]}]},{"@type":"ImageObject","inLanguage":"en-US","@id":"https:\/\/vea.qc.ca\/en\/registration\/#primaryimage","url":"https:\/\/vea.qc.ca\/wp-content\/uploads\/2020\/01\/enregistrement-2-1.jpg","contentUrl":"https:\/\/vea.qc.ca\/wp-content\/uploads\/2020\/01\/enregistrement-2-1.jpg","width":1897,"height":674},{"@type":"BreadcrumbList","@id":"https:\/\/vea.qc.ca\/en\/registration\/#breadcrumb","itemListElement":[{"@type":"ListItem","position":1,"name":"Accueil","item":"https:\/\/vea.qc.ca\/en\/"},{"@type":"ListItem","position":2,"name":"Registration"}]},{"@type":"WebSite","@id":"https:\/\/vea.qc.ca\/#website","url":"https:\/\/vea.qc.ca\/","name":"VEA 50 ans","description":"Vintage European Automobiles","potentialAction":[{"@type":"SearchAction","target":{"@type":"EntryPoint","urlTemplate":"https:\/\/vea.qc.ca\/?s={search_term_string}"},"query-input":{"@type":"PropertyValueSpecification","valueRequired":true,"valueName":"search_term_string"}}],"inLanguage":"en-US"}]}},"_links":{"self":[{"href":"https:\/\/vea.qc.ca\/en\/wp-json\/wp\/v2\/pages\/16614","targetHints":{"allow":["GET"]}}],"collection":[{"href":"https:\/\/vea.qc.ca\/en\/wp-json\/wp\/v2\/pages"}],"about":[{"href":"https:\/\/vea.qc.ca\/en\/wp-json\/wp\/v2\/types\/page"}],"author":[{"embeddable":true,"href":"https:\/\/vea.qc.ca\/en\/wp-json\/wp\/v2\/users\/3"}],"replies":[{"embeddable":true,"href":"https:\/\/vea.qc.ca\/en\/wp-json\/wp\/v2\/comments?post=16614"}],"version-history":[{"count":16,"href":"https:\/\/vea.qc.ca\/en\/wp-json\/wp\/v2\/pages\/16614\/revisions"}],"predecessor-version":[{"id":17392,"href":"https:\/\/vea.qc.ca\/en\/wp-json\/wp\/v2\/pages\/16614\/revisions\/17392"}],"wp:featuredmedia":[{"embeddable":true,"href":"https:\/\/vea.qc.ca\/en\/wp-json\/wp\/v2\/media\/16666"}],"wp:attachment":[{"href":"https:\/\/vea.qc.ca\/en\/wp-json\/wp\/v2\/media?parent=16614"}],"wp:term":[{"taxonomy":"simple-restrict-permission","embeddable":true,"href":"https:\/\/vea.qc.ca\/en\/wp-json\/wp\/v2\/simple-restrict-permission?post=16614"}],"curies":[{"name":"wp","href":"https:\/\/api.w.org\/{rel}","templated":true}]}}